{"id":1334,"date":"2020-05-25T23:03:43","date_gmt":"2020-05-26T02:03:43","guid":{"rendered":"https:\/\/www.cafemundoexpo.com.br\/?page_id=1334"},"modified":"2021-07-26T12:24:54","modified_gmt":"2021-07-26T15:24:54","slug":"mapa-da-exposicao","status":"publish","type":"page","link":"https:\/\/www.cafemundoexpo.com.br\/en\/mapa-da-exposicao\/","title":{"rendered":"Exhibition Map"},"content":{"rendered":"\t\t<div data-elementor-type=\"wp-page\" data-elementor-id=\"1334\" class=\"elementor elementor-1334\" data-elementor-settings=\"{&quot;ha_cmc_init_switcher&quot;:&quot;no&quot;}\" data-elementor-post-type=\"page\">\n\t\t\t\t\t\t<section class=\"elementor-section elementor-top-section elementor-element elementor-element-90a77a5 elementor-section-items-bottom elementor-section-full_width elementor-section-height-min-height elementor-section-stretched elementor-section-height-default\" data-id=\"90a77a5\" data-element_type=\"section\" data-settings=\"{&quot;background_motion_fx_motion_fx_scrolling&quot;:&quot;yes&quot;,&quot;stretch_section&quot;:&quot;section-stretched&quot;,&quot;background_background&quot;:&quot;classic&quot;,&quot;background_motion_fx_translateY_effect&quot;:&quot;yes&quot;,&quot;background_motion_fx_translateY_speed&quot;:{&quot;unit&quot;:&quot;px&quot;,&quot;size&quot;:4,&quot;sizes&quot;:[]},&quot;background_motion_fx_translateY_affectedRange&quot;:{&quot;unit&quot;:&quot;%&quot;,&quot;size&quot;:&quot;&quot;,&quot;sizes&quot;:{&quot;start&quot;:0,&quot;end&quot;:100}},&quot;background_motion_fx_devices&quot;:[&quot;desktop&quot;,&quot;tablet&quot;,&quot;mobile&quot;],&quot;_ha_eqh_enable&quot;:false}\">\n\t\t\t\t\t\t\t<div class=\"elementor-background-overlay\"><\/div>\n\t\t\t\t\t\t\t<div class=\"elementor-container elementor-column-gap-wide\">\n\t\t\t\t\t<div class=\"elementor-column elementor-col-100 elementor-top-column elementor-element elementor-element-5ed9d0f\" data-id=\"5ed9d0f\" data-element_type=\"column\">\n\t\t\t<div class=\"elementor-widget-wrap elementor-element-populated\">\n\t\t\t\t\t\t<div class=\"elementor-element elementor-element-179923b elementor-widget elementor-widget-heading\" data-id=\"179923b\" data-element_type=\"widget\" data-settings=\"{&quot;motion_fx_motion_fx_scrolling&quot;:&quot;yes&quot;,&quot;motion_fx_opacity_effect&quot;:&quot;yes&quot;,&quot;motion_fx_opacity_direction&quot;:&quot;in-out&quot;,&quot;motion_fx_opacity_range&quot;:{&quot;unit&quot;:&quot;%&quot;,&quot;size&quot;:&quot;&quot;,&quot;sizes&quot;:{&quot;start&quot;:36,&quot;end&quot;:72}},&quot;motion_fx_opacity_level&quot;:{&quot;unit&quot;:&quot;px&quot;,&quot;size&quot;:10,&quot;sizes&quot;:[]},&quot;motion_fx_devices&quot;:[&quot;desktop&quot;,&quot;tablet&quot;,&quot;mobile&quot;]}\" data-widget_type=\"heading.default\">\n\t\t\t\t<div class=\"elementor-widget-container\">\n\t\t\t\t\t<h2 class=\"elementor-heading-title elementor-size-default\">Mapa da <br \/>exposi\u00e7\u00e3o<\/h2>\t\t\t\t<\/div>\n\t\t\t\t<\/div>\n\t\t\t\t<div class=\"elementor-element elementor-element-daaab05 elementor-widget elementor-widget-text-editor\" data-id=\"daaab05\" data-element_type=\"widget\" data-widget_type=\"text-editor.default\">\n\t\t\t\t<div class=\"elementor-widget-container\">\n\t\t\t\t\t\t\t\t\t<p>Foto: Fisheye<\/p>\t\t\t\t\t\t\t\t<\/div>\n\t\t\t\t<\/div>\n\t\t\t\t\t<\/div>\n\t\t<\/div>\n\t\t\t\t\t<\/div>\n\t\t<\/section>\n\t\t\t\t<section class=\"elementor-section elementor-top-section elementor-element elementor-element-f156090 elementor-section-full_width elementor-section-stretched elementor-section-height-default elementor-section-height-default\" data-id=\"f156090\" data-element_type=\"section\" data-settings=\"{&quot;background_background&quot;:&quot;classic&quot;,&quot;stretch_section&quot;:&quot;section-stretched&quot;,&quot;_ha_eqh_enable&quot;:false}\">\n\t\t\t\t\t\t<div class=\"elementor-container elementor-column-gap-no\">\n\t\t\t\t\t<div class=\"elementor-column elementor-col-25 elementor-top-column elementor-element elementor-element-2316476\" data-id=\"2316476\" data-element_type=\"column\">\n\t\t\t<div class=\"elementor-widget-wrap\">\n\t\t\t\t\t\t\t<\/div>\n\t\t<\/div>\n\t\t\t\t<div class=\"elementor-column elementor-col-50 elementor-top-column elementor-element elementor-element-dea86a1\" data-id=\"dea86a1\" data-element_type=\"column\">\n\t\t\t<div class=\"elementor-widget-wrap elementor-element-populated\">\n\t\t\t\t\t\t<div class=\"elementor-element elementor-element-9baab76 elementor-drop-cap-yes elementor-drop-cap-view-default elementor-widget elementor-widget-text-editor\" data-id=\"9baab76\" data-element_type=\"widget\" data-settings=\"{&quot;drop_cap&quot;:&quot;yes&quot;}\" data-widget_type=\"text-editor.default\">\n\t\t\t\t<div class=\"elementor-widget-container\">\n\t\t\t\t\t\t\t\t\t<p>Veja abaixo o Mapa do Circuito Expositivo \u2013 <strong>Caf\u00e9 Mundo<\/strong>. No bot\u00e3o ao lado, voc\u00ea pode fazer o download do mapa em formato PDF.<\/p>\t\t\t\t\t\t\t\t<\/div>\n\t\t\t\t<\/div>\n\t\t\t\t<div class=\"elementor-element elementor-element-56f926e elementor-widget elementor-widget-image\" data-id=\"56f926e\" data-element_type=\"widget\" data-widget_type=\"image.default\">\n\t\t\t\t<div class=\"elementor-widget-container\">\n\t\t\t\t\t\t\t\t\t\t\t\t\t\t\t\t<a href=\"https:\/\/i0.wp.com\/www.cafemundoexpo.com.br\/wp-content\/uploads\/2021\/07\/CM_Mapa_JUL-scaled.jpg?ssl=1\" data-elementor-open-lightbox=\"yes\" data-elementor-lightbox-title=\"CM_Mapa_JUL\" data-e-action-hash=\"#elementor-action%3Aaction%3Dlightbox%26settings%3DeyJpZCI6MTc1NywidXJsIjoiaHR0cHM6XC9cL3d3dy5jYWZlbXVuZG9leHBvLmNvbS5iclwvd3AtY29udGVudFwvdXBsb2Fkc1wvMjAyMVwvMDdcL0NNX01hcGFfSlVMLXNjYWxlZC5qcGcifQ%3D%3D\">\n\t\t\t\t\t\t\t<img fetchpriority=\"high\" decoding=\"async\" width=\"1202\" height=\"1920\" src=\"https:\/\/i0.wp.com\/www.cafemundoexpo.com.br\/wp-content\/uploads\/2021\/07\/CM_Mapa_JUL-scaled.jpg?fit=1202%2C1920&amp;ssl=1\" class=\"attachment-full size-full wp-image-1757\" alt=\"\" srcset=\"https:\/\/i0.wp.com\/www.cafemundoexpo.com.br\/wp-content\/uploads\/2021\/07\/CM_Mapa_JUL-scaled.jpg?w=1202&amp;ssl=1 1202w, https:\/\/i0.wp.com\/www.cafemundoexpo.com.br\/wp-content\/uploads\/2021\/07\/CM_Mapa_JUL-scaled.jpg?resize=961%2C1536&amp;ssl=1 961w\" sizes=\"(max-width: 1202px) 100vw, 1202px\" \/>\t\t\t\t\t\t\t\t<\/a>\n\t\t\t\t\t\t\t\t\t\t\t\t\t\t\t<\/div>\n\t\t\t\t<\/div>\n\t\t\t\t\t<\/div>\n\t\t<\/div>\n\t\t\t\t<div class=\"elementor-column elementor-col-25 elementor-top-column elementor-element elementor-element-6fe8525\" data-id=\"6fe8525\" data-element_type=\"column\">\n\t\t\t<div class=\"elementor-widget-wrap elementor-element-populated\">\n\t\t\t\t\t\t<div class=\"elementor-element elementor-element-5d269c0 elementor-align-center elementor-widget elementor-widget-button\" data-id=\"5d269c0\" data-element_type=\"widget\" data-widget_type=\"button.default\">\n\t\t\t\t<div class=\"elementor-widget-container\">\n\t\t\t\t\t\t\t\t\t<div class=\"elementor-button-wrapper\">\n\t\t\t\t\t<a class=\"elementor-button elementor-button-link elementor-size-md\" href=\"https:\/\/www.cafemundoexpo.com.br\/wp-content\/uploads\/2021\/07\/CM_Mapa.pdf\" target=\"_blank\">\n\t\t\t\t\t\t<span class=\"elementor-button-content-wrapper\">\n\t\t\t\t\t\t<span class=\"elementor-button-icon\">\n\t\t\t\t<i aria-hidden=\"true\" class=\"fas fa-file-download\"><\/i>\t\t\t<\/span>\n\t\t\t\t\t\t\t\t\t<span class=\"elementor-button-text\">DOWNLOAD<\/span>\n\t\t\t\t\t<\/span>\n\t\t\t\t\t<\/a>\n\t\t\t\t<\/div>\n\t\t\t\t\t\t\t\t<\/div>\n\t\t\t\t<\/div>\n\t\t\t\t\t<\/div>\n\t\t<\/div>\n\t\t\t\t\t<\/div>\n\t\t<\/section>\n\t\t\t\t<\/div>\n\t\t","protected":false},"excerpt":{"rendered":"<p>Mapa da exposi\u00e7\u00e3o Foto: Fisheye Mapa da exposi\u00e7\u00e3o Veja abaixo o Mapa do Circuito Expositivo \u2013 Caf\u00e9 Mundo. No bot\u00e3o ao lado, voc\u00ea pode fazer o download do mapa em formato PDF. DOWNLOAD<\/p>","protected":false},"author":1,"featured_media":0,"parent":0,"menu_order":2,"comment_status":"closed","ping_status":"closed","template":"","meta":{"_monsterinsights_skip_tracking":false,"_monsterinsights_sitenote_active":false,"_monsterinsights_sitenote_note":"","_monsterinsights_sitenote_category":0,"footnotes":""},"class_list":["post-1334","page","type-page","status-publish","hentry"],"jetpack_sharing_enabled":true,"_links":{"self":[{"href":"https:\/\/www.cafemundoexpo.com.br\/en\/wp-json\/wp\/v2\/pages\/1334","targetHints":{"allow":["GET"]}}],"collection":[{"href":"https:\/\/www.cafemundoexpo.com.br\/en\/wp-json\/wp\/v2\/pages"}],"about":[{"href":"https:\/\/www.cafemundoexpo.com.br\/en\/wp-json\/wp\/v2\/types\/page"}],"author":[{"embeddable":true,"href":"https:\/\/www.cafemundoexpo.com.br\/en\/wp-json\/wp\/v2\/users\/1"}],"replies":[{"embeddable":true,"href":"https:\/\/www.cafemundoexpo.com.br\/en\/wp-json\/wp\/v2\/comments?post=1334"}],"version-history":[{"count":10,"href":"https:\/\/www.cafemundoexpo.com.br\/en\/wp-json\/wp\/v2\/pages\/1334\/revisions"}],"predecessor-version":[{"id":1768,"href":"https:\/\/www.cafemundoexpo.com.br\/en\/wp-json\/wp\/v2\/pages\/1334\/revisions\/1768"}],"wp:attachment":[{"href":"https:\/\/www.cafemundoexpo.com.br\/en\/wp-json\/wp\/v2\/media?parent=1334"}],"curies":[{"name":"wp","href":"https:\/\/api.w.org\/{rel}","templated":true}]}}