{"id":1349,"date":"2021-03-25T23:09:20","date_gmt":"2021-03-26T02:09:20","guid":{"rendered":"https:\/\/www.cafemundoexpo.com.br\/?page_id=1349"},"modified":"2021-08-06T10:00:37","modified_gmt":"2021-08-06T13:00:37","slug":"maos-do-cafe","status":"publish","type":"page","link":"https:\/\/www.cafemundoexpo.com.br\/en\/maos-do-cafe\/","title":{"rendered":"Coffee's Manual Workers"},"content":{"rendered":"\t\t<div data-elementor-type=\"wp-page\" data-elementor-id=\"1349\" class=\"elementor elementor-1349\" data-elementor-settings=\"{&quot;ha_cmc_init_switcher&quot;:&quot;no&quot;}\" data-elementor-post-type=\"page\">\n\t\t\t\t\t\t<section class=\"elementor-section elementor-top-section elementor-element elementor-element-e78a068 elementor-section-items-bottom elementor-section-full_width elementor-section-height-min-height elementor-section-stretched elementor-section-height-default\" data-id=\"e78a068\" data-element_type=\"section\" data-settings=\"{&quot;background_motion_fx_motion_fx_scrolling&quot;:&quot;yes&quot;,&quot;stretch_section&quot;:&quot;section-stretched&quot;,&quot;background_background&quot;:&quot;classic&quot;,&quot;background_motion_fx_translateY_effect&quot;:&quot;yes&quot;,&quot;background_motion_fx_translateY_speed&quot;:{&quot;unit&quot;:&quot;px&quot;,&quot;size&quot;:4,&quot;sizes&quot;:[]},&quot;background_motion_fx_translateY_affectedRange&quot;:{&quot;unit&quot;:&quot;%&quot;,&quot;size&quot;:&quot;&quot;,&quot;sizes&quot;:{&quot;start&quot;:0,&quot;end&quot;:100}},&quot;background_motion_fx_devices&quot;:[&quot;desktop&quot;,&quot;tablet&quot;,&quot;mobile&quot;],&quot;_ha_eqh_enable&quot;:false}\">\n\t\t\t\t\t\t\t<div class=\"elementor-background-overlay\"><\/div>\n\t\t\t\t\t\t\t<div class=\"elementor-container elementor-column-gap-wider\">\n\t\t\t\t\t<div class=\"elementor-column elementor-col-100 elementor-top-column elementor-element elementor-element-0a6e2e1\" data-id=\"0a6e2e1\" data-element_type=\"column\">\n\t\t\t<div class=\"elementor-widget-wrap elementor-element-populated\">\n\t\t\t\t\t\t<div class=\"elementor-element elementor-element-133c3ff elementor-widget elementor-widget-heading\" data-id=\"133c3ff\" data-element_type=\"widget\" data-settings=\"{&quot;motion_fx_motion_fx_scrolling&quot;:&quot;yes&quot;,&quot;motion_fx_opacity_effect&quot;:&quot;yes&quot;,&quot;motion_fx_opacity_direction&quot;:&quot;in-out&quot;,&quot;motion_fx_opacity_range&quot;:{&quot;unit&quot;:&quot;%&quot;,&quot;size&quot;:&quot;&quot;,&quot;sizes&quot;:{&quot;start&quot;:48,&quot;end&quot;:72}},&quot;motion_fx_devices&quot;:[&quot;desktop&quot;,&quot;tablet&quot;],&quot;motion_fx_opacity_level&quot;:{&quot;unit&quot;:&quot;px&quot;,&quot;size&quot;:10,&quot;sizes&quot;:[]}}\" data-widget_type=\"heading.default\">\n\t\t\t\t<div class=\"elementor-widget-container\">\n\t\t\t\t\t<h1 class=\"elementor-heading-title elementor-size-default\">M\u00e3os do caf\u00e9<\/h1>\t\t\t\t<\/div>\n\t\t\t\t<\/div>\n\t\t\t\t<div class=\"elementor-element elementor-element-fa744a4 elementor-widget elementor-widget-text-editor\" data-id=\"fa744a4\" data-element_type=\"widget\" data-widget_type=\"text-editor.default\">\n\t\t\t\t<div class=\"elementor-widget-container\">\n\t\t\t\t\t\t\t\t\t<p>Foto: Fisheye<\/p>\t\t\t\t\t\t\t\t<\/div>\n\t\t\t\t<\/div>\n\t\t\t\t\t<\/div>\n\t\t<\/div>\n\t\t\t\t\t<\/div>\n\t\t<\/section>\n\t\t\t\t<section class=\"elementor-section elementor-top-section elementor-element elementor-element-aea9715 elementor-section-full_width elementor-section-stretched elementor-section-height-default elementor-section-height-default\" data-id=\"aea9715\" data-element_type=\"section\" data-settings=\"{&quot;background_background&quot;:&quot;classic&quot;,&quot;stretch_section&quot;:&quot;section-stretched&quot;,&quot;_ha_eqh_enable&quot;:false}\">\n\t\t\t\t\t\t<div class=\"elementor-container elementor-column-gap-no\">\n\t\t\t\t\t<div class=\"elementor-column elementor-col-25 elementor-top-column elementor-element elementor-element-516a43d\" data-id=\"516a43d\" data-element_type=\"column\">\n\t\t\t<div class=\"elementor-widget-wrap\">\n\t\t\t\t\t\t\t<\/div>\n\t\t<\/div>\n\t\t\t\t<div class=\"elementor-column elementor-col-50 elementor-top-column elementor-element elementor-element-61bb940\" data-id=\"61bb940\" data-element_type=\"column\">\n\t\t\t<div class=\"elementor-widget-wrap elementor-element-populated\">\n\t\t\t\t\t\t<div class=\"elementor-element elementor-element-602042c elementor-widget elementor-widget-heading\" data-id=\"602042c\" data-element_type=\"widget\" data-widget_type=\"heading.default\">\n\t\t\t\t<div class=\"elementor-widget-container\">\n\t\t\t\t\t<h2 class=\"elementor-heading-title elementor-size-default\">O trabalho no campo: escraviza\u00e7\u00e3o, imigra\u00e7\u00e3o aos dias de hoje<\/h2>\t\t\t\t<\/div>\n\t\t\t\t<\/div>\n\t\t\t\t<div class=\"elementor-element elementor-element-81b891a elementor-drop-cap-yes elementor-drop-cap-view-default elementor-widget elementor-widget-text-editor\" data-id=\"81b891a\" data-element_type=\"widget\" data-settings=\"{&quot;drop_cap&quot;:&quot;yes&quot;}\" data-widget_type=\"text-editor.default\">\n\t\t\t\t<div class=\"elementor-widget-container\">\n\t\t\t\t\t\t\t\t\t<p>Quantas m\u00e3os foram necess\u00e1rias historicamente para trazer o caf\u00e9 para o centro de nossas mesas e da economia mundial? Em que condi\u00e7\u00f5es se deu o trabalho do caf\u00e9 historicamente?<\/p><p>O caf\u00e9, que nasce na \u00c1frica e se amplia para o Oriente, se tornou em meados do s\u00e9culo XVIII uma bebida central no mundo Ocidental. Com enorme potencial econ\u00f4mico, pa\u00edses colonizadores como Espanha, Fran\u00e7a, Holanda e Portugal &#8211; viram na produ\u00e7\u00e3o do caf\u00e9 uma grande oportunidade de gerar riquezas e manter sua posi\u00e7\u00e3o explorat\u00f3ria. O projeto colonial &#8211; estruturado na escraviza\u00e7\u00e3o, na rela\u00e7\u00e3o predat\u00f3ria com a natureza e no uso da for\u00e7a e hierarquia das rela\u00e7\u00f5es \u2013 elege o caf\u00e9 como t\u00e1bua de salva\u00e7\u00e3o de seu projeto de domina\u00e7\u00e3o, em meio \u00e0 conflitos de independ\u00eancia dos pa\u00edses colonizados.<\/p><p>A produ\u00e7\u00e3o em grande escala do caf\u00e9 nasce, assim, da explora\u00e7\u00e3o de pessoas escravizadas, cuja desumaniza\u00e7\u00e3o se traduz na iconografia tradicional cafeeira onde vemos \u2013 como se fossem paisagens \u2013 crian\u00e7as e adultos em trabalhos for\u00e7ados.<\/p><p>Ainda antes da aboli\u00e7\u00e3o, o Brasil &#8211; que tomou o caf\u00e9 como um destino ainda no Imp\u00e9rio e usou seu ativo para financiar a Rep\u00fablica \u2013 empreitou uma pol\u00edtica de importa\u00e7\u00e3o de m\u00e3o-de-obra estrangeira para o caf\u00e9, na esteira de ideias de embranquecimento do pa\u00eds. Asi\u00e1ticos, inclusive, n\u00e3o eram uma popula\u00e7\u00e3o desejada para esse projeto, inicialmente.<\/p><p>Os imigrantes, cuja vinda para o Brasil foi financiada pelo governo, substitu\u00edram ap\u00f3s 1888 toda popula\u00e7\u00e3o de escravizados, que n\u00e3o contou com nenhuma pol\u00edtica de apoio ou inser\u00e7\u00e3o para essa nova realidade. Para os que chegaram no projeto de est\u00edmulo \u00e0 m\u00e3o-de-obra imigrante, a realidade do trabalho do caf\u00e9 tamb\u00e9m n\u00e3o foi f\u00e1cil em fun\u00e7\u00e3o das condi\u00e7\u00f5es de trabalho prec\u00e1rias e a heran\u00e7a escravista nas rela\u00e7\u00f5es com os fazendeiros \u2013 bastante diferentes do que era difundido em seus pa\u00edses de origem.<\/p><p>As rela\u00e7\u00f5es de poder s\u00f3 mudaram com a quebra da Bolsa de Nova York em 1929 e fal\u00eancia de muitos dos grandes propriet\u00e1rios de caf\u00e9, que se viram obrigados a vender parte de suas propriedades a seus trabalhadores, dando origem a uma nova classe m\u00e9dia de imigrantes e descendentes.<\/p><p>At\u00e9 os dias de hoje, o trabalho no caf\u00e9 tem etapas maci\u00e7amente manuais, ainda que contem com a ajuda de maquin\u00e1rios. As etapas de plantio, colheita e secagem em muitos lugares do mundo se d\u00e1 sol a sol pelas m\u00e3os de trabalhadores e a luta para condi\u00e7\u00f5es dignas e garantia de direitos \u00e9 algo central at\u00e9 os dias de hoje.<\/p><p>O cultivo, processamento, com\u00e9rcio, transporte e marketing do caf\u00e9 empregam milh\u00f5es de pessoas no mundo. S\u00e3o essas muitas m\u00e3os que possibilitam tomarmos nossas x\u00edcaras dessa bebida no conforto de nossas casas, cafeterias ou durante nosso expediente.<\/p>\t\t\t\t\t\t\t\t<\/div>\n\t\t\t\t<\/div>\n\t\t\t\t\t<\/div>\n\t\t<\/div>\n\t\t\t\t<div class=\"elementor-column elementor-col-25 elementor-top-column elementor-element elementor-element-3685cda\" data-id=\"3685cda\" data-element_type=\"column\">\n\t\t\t<div class=\"elementor-widget-wrap elementor-element-populated\">\n\t\t\t\t\t\t<div class=\"elementor-element elementor-element-0cbcb77 elementor-widget elementor-widget-image\" data-id=\"0cbcb77\" data-element_type=\"widget\" data-settings=\"{&quot;motion_fx_motion_fx_scrolling&quot;:&quot;yes&quot;,&quot;motion_fx_translateY_effect&quot;:&quot;yes&quot;,&quot;motion_fx_devices&quot;:[&quot;desktop&quot;,&quot;tablet&quot;],&quot;motion_fx_translateY_speed&quot;:{&quot;unit&quot;:&quot;px&quot;,&quot;size&quot;:4,&quot;sizes&quot;:[]},&quot;motion_fx_translateY_affectedRange&quot;:{&quot;unit&quot;:&quot;%&quot;,&quot;size&quot;:&quot;&quot;,&quot;sizes&quot;:{&quot;start&quot;:0,&quot;end&quot;:100}}}\" data-widget_type=\"image.default\">\n\t\t\t\t<div class=\"elementor-widget-container\">\n\t\t\t\t\t\t\t\t\t\t\t\t<figure class=\"wp-caption\">\n\t\t\t\t\t\t\t\t\t\t\t<a href=\"https:\/\/i0.wp.com\/www.cafemundoexpo.com.br\/wp-content\/uploads\/2019\/07\/MHL-1.3.37590-1-scaled.jpg?ssl=1\" data-elementor-open-lightbox=\"yes\" data-elementor-lightbox-title=\"Homem colhendo caf\u00e9 na fazenda S\u00e3o Pedro do Para\u00edso em Itatinga - SP, 20 de junho de 1955  fotografia digitalizada a partir de negativo preto e branco Acervo do Museu Hist\u00f3rico de Londrina Padre Carlos Weiss.\" data-e-action-hash=\"#elementor-action%3Aaction%3Dlightbox%26settings%3DeyJpZCI6NjY2LCJ1cmwiOiJodHRwczpcL1wvd3d3LmNhZmVtdW5kb2V4cG8uY29tLmJyXC93cC1jb250ZW50XC91cGxvYWRzXC8yMDE5XC8wN1wvTUhMLTEuMy4zNzU5MC0xLXNjYWxlZC5qcGcifQ%3D%3D\">\n\t\t\t\t\t\t\t<img fetchpriority=\"high\" decoding=\"async\" width=\"768\" height=\"768\" src=\"https:\/\/i0.wp.com\/www.cafemundoexpo.com.br\/wp-content\/uploads\/2019\/07\/MHL-1.3.37590-1-scaled.jpg?fit=768%2C768&amp;ssl=1\" class=\"attachment-medium_large size-medium_large wp-image-666\" alt=\"\" srcset=\"https:\/\/i0.wp.com\/www.cafemundoexpo.com.br\/wp-content\/uploads\/2019\/07\/MHL-1.3.37590-1-scaled.jpg?w=1920&amp;ssl=1 1920w, https:\/\/i0.wp.com\/www.cafemundoexpo.com.br\/wp-content\/uploads\/2019\/07\/MHL-1.3.37590-1-scaled.jpg?resize=300%2C300&amp;ssl=1 300w, https:\/\/i0.wp.com\/www.cafemundoexpo.com.br\/wp-content\/uploads\/2019\/07\/MHL-1.3.37590-1-scaled.jpg?resize=1024%2C1024&amp;ssl=1 1024w, https:\/\/i0.wp.com\/www.cafemundoexpo.com.br\/wp-content\/uploads\/2019\/07\/MHL-1.3.37590-1-scaled.jpg?resize=150%2C150&amp;ssl=1 150w, https:\/\/i0.wp.com\/www.cafemundoexpo.com.br\/wp-content\/uploads\/2019\/07\/MHL-1.3.37590-1-scaled.jpg?resize=768%2C768&amp;ssl=1 768w, https:\/\/i0.wp.com\/www.cafemundoexpo.com.br\/wp-content\/uploads\/2019\/07\/MHL-1.3.37590-1-scaled.jpg?resize=1536%2C1536&amp;ssl=1 1536w, https:\/\/i0.wp.com\/www.cafemundoexpo.com.br\/wp-content\/uploads\/2019\/07\/MHL-1.3.37590-1-scaled.jpg?resize=2048%2C2048&amp;ssl=1 2048w\" sizes=\"(max-width: 768px) 100vw, 768px\" \/>\t\t\t\t\t\t\t\t<\/a>\n\t\t\t\t\t\t\t\t\t\t\t<figcaption class=\"widget-image-caption wp-caption-text\">Arm\u00ednio Kaiser<\/figcaption>\n\t\t\t\t\t\t\t\t\t\t<\/figure>\n\t\t\t\t\t\t\t\t\t<\/div>\n\t\t\t\t<\/div>\n\t\t\t\t<div class=\"elementor-element elementor-element-7b34888 elementor-widget elementor-widget-spacer\" data-id=\"7b34888\" data-element_type=\"widget\" data-widget_type=\"spacer.default\">\n\t\t\t\t<div class=\"elementor-widget-container\">\n\t\t\t\t\t\t\t<div class=\"elementor-spacer\">\n\t\t\t<div class=\"elementor-spacer-inner\"><\/div>\n\t\t<\/div>\n\t\t\t\t\t\t<\/div>\n\t\t\t\t<\/div>\n\t\t\t\t<div class=\"elementor-element elementor-element-c126c16 elementor-widget elementor-widget-image\" data-id=\"c126c16\" data-element_type=\"widget\" data-settings=\"{&quot;motion_fx_motion_fx_scrolling&quot;:&quot;yes&quot;,&quot;motion_fx_translateY_effect&quot;:&quot;yes&quot;,&quot;motion_fx_translateY_speed&quot;:{&quot;unit&quot;:&quot;px&quot;,&quot;size&quot;:2,&quot;sizes&quot;:[]},&quot;_animation&quot;:&quot;none&quot;,&quot;motion_fx_devices&quot;:[&quot;desktop&quot;,&quot;tablet&quot;],&quot;motion_fx_translateY_affectedRange&quot;:{&quot;unit&quot;:&quot;%&quot;,&quot;size&quot;:&quot;&quot;,&quot;sizes&quot;:{&quot;start&quot;:0,&quot;end&quot;:100}}}\" data-widget_type=\"image.default\">\n\t\t\t\t<div class=\"elementor-widget-container\">\n\t\t\t\t\t\t\t\t\t\t\t\t<figure class=\"wp-caption\">\n\t\t\t\t\t\t\t\t\t\t\t<a href=\"https:\/\/i0.wp.com\/www.cafemundoexpo.com.br\/wp-content\/uploads\/2019\/07\/image018.jpg?ssl=1\" data-elementor-open-lightbox=\"yes\" data-elementor-lightbox-title=\"image018\" data-e-action-hash=\"#elementor-action%3Aaction%3Dlightbox%26settings%3DeyJpZCI6NzE1LCJ1cmwiOiJodHRwczpcL1wvd3d3LmNhZmVtdW5kb2V4cG8uY29tLmJyXC93cC1jb250ZW50XC91cGxvYWRzXC8yMDE5XC8wN1wvaW1hZ2UwMTguanBnIn0%3D\">\n\t\t\t\t\t\t\t<img decoding=\"async\" width=\"1281\" height=\"1920\" src=\"https:\/\/i0.wp.com\/www.cafemundoexpo.com.br\/wp-content\/uploads\/2019\/07\/image018.jpg?fit=1281%2C1920&amp;ssl=1\" class=\"attachment-full size-full wp-image-715\" alt=\"\" srcset=\"https:\/\/i0.wp.com\/www.cafemundoexpo.com.br\/wp-content\/uploads\/2019\/07\/image018.jpg?w=1281&amp;ssl=1 1281w, https:\/\/i0.wp.com\/www.cafemundoexpo.com.br\/wp-content\/uploads\/2019\/07\/image018.jpg?resize=1025%2C1536&amp;ssl=1 1025w, https:\/\/i0.wp.com\/www.cafemundoexpo.com.br\/wp-content\/uploads\/2019\/07\/image018.jpg?resize=1366%2C2048&amp;ssl=1 1366w\" sizes=\"(max-width: 1281px) 100vw, 1281px\" \/>\t\t\t\t\t\t\t\t<\/a>\n\t\t\t\t\t\t\t\t\t\t\t<figcaption class=\"widget-image-caption wp-caption-text\">Jorge Panchoaga<\/figcaption>\n\t\t\t\t\t\t\t\t\t\t<\/figure>\n\t\t\t\t\t\t\t\t\t<\/div>\n\t\t\t\t<\/div>\n\t\t\t\t<div class=\"elementor-element elementor-element-05f5537 elementor-widget elementor-widget-spacer\" data-id=\"05f5537\" data-element_type=\"widget\" data-widget_type=\"spacer.default\">\n\t\t\t\t<div class=\"elementor-widget-container\">\n\t\t\t\t\t\t\t<div class=\"elementor-spacer\">\n\t\t\t<div class=\"elementor-spacer-inner\"><\/div>\n\t\t<\/div>\n\t\t\t\t\t\t<\/div>\n\t\t\t\t<\/div>\n\t\t\t\t\t<\/div>\n\t\t<\/div>\n\t\t\t\t\t<\/div>\n\t\t<\/section>\n\t\t\t\t<\/div>\n\t\t","protected":false},"excerpt":{"rendered":"<p>M\u00e3os do caf\u00e9 Foto: Fisheye M\u00e3os do caf\u00e9 O trabalho no campo: escraviza\u00e7\u00e3o, imigra\u00e7\u00e3o aos dias de hoje Quantas m\u00e3os foram necess\u00e1rias historicamente para trazer o caf\u00e9 para o centro de nossas mesas e da economia mundial? Em que condi\u00e7\u00f5es se deu o trabalho do caf\u00e9 historicamente? O caf\u00e9, que nasce na \u00c1frica e se [&hellip;]<\/p>\n","protected":false},"author":1,"featured_media":0,"parent":0,"menu_order":0,"comment_status":"closed","ping_status":"closed","template":"","meta":{"_monsterinsights_skip_tracking":false,"_monsterinsights_sitenote_active":false,"_monsterinsights_sitenote_note":"","_monsterinsights_sitenote_category":0,"footnotes":""},"class_list":["post-1349","page","type-page","status-publish","hentry"],"jetpack_sharing_enabled":true,"_links":{"self":[{"href":"https:\/\/www.cafemundoexpo.com.br\/en\/wp-json\/wp\/v2\/pages\/1349","targetHints":{"allow":["GET"]}}],"collection":[{"href":"https:\/\/www.cafemundoexpo.com.br\/en\/wp-json\/wp\/v2\/pages"}],"about":[{"href":"https:\/\/www.cafemundoexpo.com.br\/en\/wp-json\/wp\/v2\/types\/page"}],"author":[{"embeddable":true,"href":"https:\/\/www.cafemundoexpo.com.br\/en\/wp-json\/wp\/v2\/users\/1"}],"replies":[{"embeddable":true,"href":"https:\/\/www.cafemundoexpo.com.br\/en\/wp-json\/wp\/v2\/comments?post=1349"}],"version-history":[{"count":10,"href":"https:\/\/www.cafemundoexpo.com.br\/en\/wp-json\/wp\/v2\/pages\/1349\/revisions"}],"predecessor-version":[{"id":1818,"href":"https:\/\/www.cafemundoexpo.com.br\/en\/wp-json\/wp\/v2\/pages\/1349\/revisions\/1818"}],"wp:attachment":[{"href":"https:\/\/www.cafemundoexpo.com.br\/en\/wp-json\/wp\/v2\/media?parent=1349"}],"curies":[{"name":"wp","href":"https:\/\/api.w.org\/{rel}","templated":true}]}}