{"id":1799,"date":"2021-08-06T09:43:02","date_gmt":"2021-08-06T12:43:02","guid":{"rendered":"https:\/\/www.cafemundoexpo.com.br\/?page_id=1799"},"modified":"2021-11-30T18:20:18","modified_gmt":"2021-11-30T21:20:18","slug":"palestras","status":"publish","type":"page","link":"https:\/\/www.cafemundoexpo.com.br\/en\/palestras\/","title":{"rendered":"Palestras"},"content":{"rendered":"\t\t<div data-elementor-type=\"wp-page\" data-elementor-id=\"1799\" class=\"elementor elementor-1799\" data-elementor-settings=\"{&quot;ha_cmc_init_switcher&quot;:&quot;no&quot;}\" data-elementor-post-type=\"page\">\n\t\t\t\t\t\t<section class=\"elementor-section elementor-top-section elementor-element elementor-element-f61fb57 elementor-section-items-bottom elementor-section-full_width elementor-section-height-min-height elementor-section-stretched elementor-section-height-default\" data-id=\"f61fb57\" data-element_type=\"section\" data-settings=\"{&quot;background_motion_fx_motion_fx_scrolling&quot;:&quot;yes&quot;,&quot;stretch_section&quot;:&quot;section-stretched&quot;,&quot;background_background&quot;:&quot;classic&quot;,&quot;background_motion_fx_translateY_effect&quot;:&quot;yes&quot;,&quot;background_motion_fx_translateY_speed&quot;:{&quot;unit&quot;:&quot;px&quot;,&quot;size&quot;:4,&quot;sizes&quot;:[]},&quot;background_motion_fx_translateY_affectedRange&quot;:{&quot;unit&quot;:&quot;%&quot;,&quot;size&quot;:&quot;&quot;,&quot;sizes&quot;:{&quot;start&quot;:0,&quot;end&quot;:100}},&quot;background_motion_fx_devices&quot;:[&quot;desktop&quot;,&quot;tablet&quot;,&quot;mobile&quot;],&quot;_ha_eqh_enable&quot;:false}\">\n\t\t\t\t\t\t\t<div class=\"elementor-background-overlay\"><\/div>\n\t\t\t\t\t\t\t<div class=\"elementor-container elementor-column-gap-wider\">\n\t\t\t\t\t<div class=\"elementor-column elementor-col-100 elementor-top-column elementor-element elementor-element-212e888\" data-id=\"212e888\" data-element_type=\"column\">\n\t\t\t<div class=\"elementor-widget-wrap elementor-element-populated\">\n\t\t\t\t\t\t<div class=\"elementor-element elementor-element-b45cfcc elementor-widget elementor-widget-heading\" data-id=\"b45cfcc\" data-element_type=\"widget\" data-settings=\"{&quot;motion_fx_motion_fx_scrolling&quot;:&quot;yes&quot;,&quot;motion_fx_opacity_effect&quot;:&quot;yes&quot;,&quot;motion_fx_opacity_direction&quot;:&quot;in-out&quot;,&quot;motion_fx_opacity_range&quot;:{&quot;unit&quot;:&quot;%&quot;,&quot;size&quot;:&quot;&quot;,&quot;sizes&quot;:{&quot;start&quot;:59,&quot;end&quot;:77}},&quot;motion_fx_devices&quot;:[&quot;desktop&quot;],&quot;motion_fx_opacity_level&quot;:{&quot;unit&quot;:&quot;px&quot;,&quot;size&quot;:10,&quot;sizes&quot;:[]}}\" data-widget_type=\"heading.default\">\n\t\t\t\t<div class=\"elementor-widget-container\">\n\t\t\t\t\t<h2 class=\"elementor-heading-title elementor-size-default\">PALESTRAS<\/h2>\t\t\t\t<\/div>\n\t\t\t\t<\/div>\n\t\t\t\t<div class=\"elementor-element elementor-element-9cc540e elementor-widget elementor-widget-text-editor\" data-id=\"9cc540e\" data-element_type=\"widget\" data-widget_type=\"text-editor.default\">\n\t\t\t\t<div class=\"elementor-widget-container\">\n\t\t\t\t\t\t\t\t\t<p>Foto: Fisheye<\/p>\t\t\t\t\t\t\t\t<\/div>\n\t\t\t\t<\/div>\n\t\t\t\t\t<\/div>\n\t\t<\/div>\n\t\t\t\t\t<\/div>\n\t\t<\/section>\n\t\t\t\t<section class=\"elementor-section elementor-top-section elementor-element elementor-element-6b637e1 elementor-section-full_width elementor-section-stretched elementor-section-height-default elementor-section-height-default\" data-id=\"6b637e1\" data-element_type=\"section\" data-settings=\"{&quot;stretch_section&quot;:&quot;section-stretched&quot;,&quot;background_background&quot;:&quot;classic&quot;,&quot;_ha_eqh_enable&quot;:false}\">\n\t\t\t\t\t\t<div class=\"elementor-container elementor-column-gap-no\">\n\t\t\t\t\t<div class=\"elementor-column elementor-col-25 elementor-top-column elementor-element elementor-element-f46bd4c\" data-id=\"f46bd4c\" data-element_type=\"column\">\n\t\t\t<div class=\"elementor-widget-wrap\">\n\t\t\t\t\t\t\t<\/div>\n\t\t<\/div>\n\t\t\t\t<div class=\"elementor-column elementor-col-50 elementor-top-column elementor-element elementor-element-4f47764\" data-id=\"4f47764\" data-element_type=\"column\">\n\t\t\t<div class=\"elementor-widget-wrap elementor-element-populated\">\n\t\t\t\t\t\t<div class=\"elementor-element elementor-element-8a57699 elementor-widget elementor-widget-video\" data-id=\"8a57699\" data-element_type=\"widget\" data-settings=\"{&quot;video_type&quot;:&quot;vimeo&quot;,&quot;show_image_overlay&quot;:&quot;yes&quot;,&quot;image_overlay&quot;:{&quot;url&quot;:&quot;https:\\\/\\\/www.cafemundoexpo.com.br\\\/wp-content\\\/uploads\\\/2021\\\/11\\\/maxresdefault.jpg&quot;,&quot;id&quot;:1955,&quot;size&quot;:&quot;&quot;,&quot;alt&quot;:&quot;&quot;,&quot;source&quot;:&quot;library&quot;}}\" data-widget_type=\"video.default\">\n\t\t\t\t<div class=\"elementor-widget-container\">\n\t\t\t\t\t\t\t<div class=\"elementor-wrapper elementor-open-inline\">\n\t\t\t<iframe class=\"elementor-video-iframe\" allowfullscreen allow=\"clipboard-write\" title=\"Player de V\u00eddeo vimeo\" src=\"https:\/\/player.vimeo.com\/video\/651744967?color&amp;autopause=0&amp;loop=0&amp;muted=0&amp;title=1&amp;portrait=1&amp;byline=1#t=\"><\/iframe>\t\t\t\t<div class=\"elementor-custom-embed-image-overlay\" style=\"background-image: url(https:\/\/i0.wp.com\/www.cafemundoexpo.com.br\/wp-content\/uploads\/2021\/11\/maxresdefault.jpg?fit=1280%2C720&amp;ssl=1);\">\n\t\t\t\t\t\t\t\t\t\t\t\t\t\t\t\t<div class=\"elementor-custom-embed-play\" role=\"button\" aria-label=\"Reproduzir v\u00eddeo\" tabindex=\"0\">\n\t\t\t\t\t\t\t<i aria-hidden=\"true\" class=\"eicon-play\"><\/i>\t\t\t\t\t\t<\/div>\n\t\t\t\t\t\t\t\t\t<\/div>\n\t\t\t\t\t<\/div>\n\t\t\t\t\t\t<\/div>\n\t\t\t\t<\/div>\n\t\t\t\t<div class=\"elementor-element elementor-element-74f5cb6 elementor-widget elementor-widget-spacer\" data-id=\"74f5cb6\" data-element_type=\"widget\" data-widget_type=\"spacer.default\">\n\t\t\t\t<div class=\"elementor-widget-container\">\n\t\t\t\t\t\t\t<div class=\"elementor-spacer\">\n\t\t\t<div class=\"elementor-spacer-inner\"><\/div>\n\t\t<\/div>\n\t\t\t\t\t\t<\/div>\n\t\t\t\t<\/div>\n\t\t\t\t<div class=\"elementor-element elementor-element-35d06c5 elementor-widget elementor-widget-heading\" data-id=\"35d06c5\" data-element_type=\"widget\" data-widget_type=\"heading.default\">\n\t\t\t\t<div class=\"elementor-widget-container\">\n\t\t\t\t\t<h3 class=\"elementor-heading-title elementor-size-default\">CAF\u00c9, MEM\u00d3RIA E ARTE<\/h3>\t\t\t\t<\/div>\n\t\t\t\t<\/div>\n\t\t\t\t<div class=\"elementor-element elementor-element-3de16bd elementor-widget elementor-widget-text-editor\" data-id=\"3de16bd\" data-element_type=\"widget\" data-widget_type=\"text-editor.default\">\n\t\t\t\t<div class=\"elementor-widget-container\">\n\t\t\t\t\t\t\t\t\t<p>A palestra <strong>Caf\u00e9, Mem\u00f3ria e Arte<\/strong> teve como objetivo principal compartilhar a vasta experi\u00eancia dos curadores, <strong>Marilia Bonas<\/strong> e <strong>Pedro Nery<\/strong>, historiadores e muse\u00f3logos, sobre o assunto trajet\u00f3ria do caf\u00e9 no contexto hist\u00f3rico, cultural e no campo das artes. Com media\u00e7\u00e3o de <strong>Ana Raquel Elisa Satim Rodrigues<\/strong> e apresenta\u00e7\u00e3o de <strong>Tatiana Bo<\/strong>.<\/p><p><em>* Com tradu\u00e7\u00e3o em Libras.<\/em><\/p><p>\u00a0<\/p><p><strong>SOBRE OS PARTICIPANTES<\/strong><\/p><p><strong>Marilia Bonas:<\/strong> curadora da exposi\u00e7\u00e3o <strong>Caf\u00e9 Mundo<\/strong>, \u00e9 historiadora especialista em museologia pela Universidade de S\u00e3o Paulo (USP) e mestre em Museologia Social pela Universidade Lus\u00f3fona de Humanidades e Tecnologia, em Lisboa, atuando na \u00e1rea h\u00e1 20 anos. Professora, pesquisadora, gestora cultural e curadora de exposi\u00e7\u00f5es hist\u00f3ricas, foi diretora do Museu do Caf\u00e9 e do Museu da Imigra\u00e7\u00e3o. Coordenou o Memorial da Resist\u00eancia de S\u00e3o Paulo e atualmente \u00e9 diretora t\u00e9cnica do Museu da L\u00edngua Portuguesa e comp\u00f5e o quadro de diretoras do Conselho Internacional de Museus.<\/p><p><strong>Pedro Nery:<\/strong> co-curador da exposi\u00e7\u00e3o <strong>Caf\u00e9 Mundo<\/strong>, graduado em Hist\u00f3ria e Mestre em Museologia pela USP tendo como tema sua disserta\u00e7\u00e3o: Arte, P\u00e1tria e Civiliza\u00e7\u00e3o: a forma\u00e7\u00e3o dos acervos art\u00edsticos do Museu Paulista e da Pinacoteca do Estado de S\u00e3o Paulo (1893-1912). Professor do curso de p\u00f3s gradua\u00e7\u00e3o da Universidade Belas Artes, foi curador da Pinacoteca entre 2011 e 2019. Atualmente \u00e9 muse\u00f3logo no Museu de Arte Moderna de S\u00e3o Paulo.<\/p><p><strong>Tatiana Bo<\/strong>, mestre em Hist\u00f3ria da Arte pela Universidade Federal de S\u00e3o Paulo (UNIFESP). P\u00f3s-graduada em Hist\u00f3ria da Arte pela Funda\u00e7\u00e3o Armando Alvares Penteado (FAAP) e graduada em Bacharelado em Artes Pl\u00e1sticas pela Universidade Estadual Paulista J\u00falio de Mesquita Filho (UNESP). Possui especializa\u00e7\u00e3o em Fashion Design pelo Istituto Marangoni em Mil\u00e3o e atua na \u00e1rea de arte educa\u00e7\u00e3o a partir de 2000. Desde 2015 \u00e9 Coordenadora do Educativo no Museu de Arte Brasileira (MAB FAAP) onde tem desenvolvido discuss\u00f5es e material para as forma\u00e7\u00f5es das equipes de educadores que atuam nas exposi\u00e7\u00f5es. Tem-se dedicado ao estudo de Museus de Arte, Museus de Moda e Arte-Educa\u00e7\u00e3o.<\/p><p><strong>Ana Raquel Elisa Satim Rodrigues<\/strong>, gradua\u00e7\u00e3o e mestrado em Design ambas pela Unifatea, atuou na coordena\u00e7\u00e3o do departamento infanto-juvenil da Can\u00e7\u00e3o nova no desenvolvimento de produtos l\u00fadicos e educativos e produ\u00e7\u00e3o de multim\u00eddia para televis\u00e3o. Docente do Centro Paula Souza desde 2011, atualmente coordena o eixo de produ\u00e7\u00e3o cultural e Design.<\/p>\t\t\t\t\t\t\t\t<\/div>\n\t\t\t\t<\/div>\n\t\t\t\t<div class=\"elementor-element elementor-element-a8f3a56 elementor-widget elementor-widget-spacer\" data-id=\"a8f3a56\" data-element_type=\"widget\" data-widget_type=\"spacer.default\">\n\t\t\t\t<div class=\"elementor-widget-container\">\n\t\t\t\t\t\t\t<div class=\"elementor-spacer\">\n\t\t\t<div class=\"elementor-spacer-inner\"><\/div>\n\t\t<\/div>\n\t\t\t\t\t\t<\/div>\n\t\t\t\t<\/div>\n\t\t\t\t<div class=\"elementor-element elementor-element-bd53b51 elementor-widget elementor-widget-video\" data-id=\"bd53b51\" data-element_type=\"widget\" data-settings=\"{&quot;youtube_url&quot;:&quot;https:\\\/\\\/www.youtube.com\\\/watch?v=u8MfmqU8I2k&amp;t=1s&quot;,&quot;video_type&quot;:&quot;youtube&quot;,&quot;controls&quot;:&quot;yes&quot;}\" data-widget_type=\"video.default\">\n\t\t\t\t<div class=\"elementor-widget-container\">\n\t\t\t\t\t\t\t<div class=\"elementor-wrapper elementor-open-inline\">\n\t\t\t<div class=\"elementor-video\"><\/div>\t\t<\/div>\n\t\t\t\t\t\t<\/div>\n\t\t\t\t<\/div>\n\t\t\t\t<div class=\"elementor-element elementor-element-672179a elementor-widget elementor-widget-spacer\" data-id=\"672179a\" data-element_type=\"widget\" data-widget_type=\"spacer.default\">\n\t\t\t\t<div class=\"elementor-widget-container\">\n\t\t\t\t\t\t\t<div class=\"elementor-spacer\">\n\t\t\t<div class=\"elementor-spacer-inner\"><\/div>\n\t\t<\/div>\n\t\t\t\t\t\t<\/div>\n\t\t\t\t<\/div>\n\t\t\t\t<div class=\"elementor-element elementor-element-3060748 elementor-widget elementor-widget-heading\" data-id=\"3060748\" data-element_type=\"widget\" data-widget_type=\"heading.default\">\n\t\t\t\t<div class=\"elementor-widget-container\">\n\t\t\t\t\t<h3 class=\"elementor-heading-title elementor-size-default\">HIST\u00d3RIA E MEM\u00d3RIA: <br \/>o que o caf\u00e9 te faz lembrar?<\/h3>\t\t\t\t<\/div>\n\t\t\t\t<\/div>\n\t\t\t\t<div class=\"elementor-element elementor-element-96c1826 elementor-widget elementor-widget-text-editor\" data-id=\"96c1826\" data-element_type=\"widget\" data-widget_type=\"text-editor.default\">\n\t\t\t\t<div class=\"elementor-widget-container\">\n\t\t\t\t\t\t\t\t\t<p>A palestra <strong>\u201cHIST\u00d3RIA E MEM\u00d3RIA: O QUE O CAF\u00c9 TE FAZ LEMBRAR?\u201d<\/strong> realizada virtualmente pela plataforma do YouTube do <strong>MAB-FAAP<\/strong> no dia 15\/07\/2021, faz parte das a\u00e7\u00f5es da exposi\u00e7\u00e3o <strong>Caf\u00e9 Mundo<\/strong> em parceria com a Divis\u00e3o de Cultura da Coordenadoria dos CEU\u2019S juntamente com o Educativo do Museu de Arte Brasileira MAB e Secretaria Municipal de Educa\u00e7\u00e3o de S\u00e3o Paulo. A historiadora e muse\u00f3loga <strong>Marilia Bonas <\/strong>foi convidada a compartilhar sua vasta experi\u00eancia sobre o assunto da trajet\u00f3ria do caf\u00e9 no contexto hist\u00f3rico e cultural, passando um pouco sobre a hist\u00f3ria do caf\u00e9 no Brasil, impactos na identidade nacional, hist\u00f3ria e mem\u00f3ria, trazendo subs\u00eddios de informa\u00e7\u00f5es para v\u00e1rias \u00e1reas educacionais.<\/p><p><strong>Marilia Bonas,<\/strong> curadora da exposi\u00e7\u00e3o <strong>Caf\u00e9 Mundo<\/strong>, \u00e9 historiadora especialista em museologia pela Universidade de S\u00e3o Paulo (USP) e mestre em Museologia Social pela Universidade Lus\u00f3fona de Humanidades e Tecnologia, em Lisboa, atuando na \u00e1rea h\u00e1 20 anos. Professora, pesquisadora, gestora cultural e curadora de exposi\u00e7\u00f5es hist\u00f3ricas, foi diretora do Museu do Caf\u00e9 e do Museu da Imigra\u00e7\u00e3o. Coordenou o Memorial da Resist\u00eancia de S\u00e3o Paulo e atualmente \u00e9 diretora t\u00e9cnica do Museu da L\u00edngua Portuguesa e comp\u00f5e o quadro de diretoras do Conselho Internacional de Museus.<\/p><p><strong>J\u00fanior Suci<\/strong>. Americana, 1985. Vive e trabalha em S\u00e3o Paulo. Graduado em Artes Pl\u00e1sticas pela UNESP, mestre e doutorando em Artes Visuais pela UNICAMP. Realiza pesquisa e produ\u00e7\u00e3o em desenho, v\u00eddeo e fotografia. Dentre as principais mostras individuais: Performance pela Luz, no Centro Cultural S\u00e3o Paulo\/SP (2009), Minhas Pequenas Vit\u00f3rias, na Galeria do IBEU\/RJ (2011), Necessidade do Objeto, no Centro Universit\u00e1rio Maria Ant\u00f4nia\/SP (2011) e Pel\u00edcula (2012) e A ru\u00edna (2013), ambas na Galeria Virgilio\/SP. Ganhador do pr\u00eamio Funarte de Arte Contempor\u00e2nea pela mostra coletiva The Letter, na FUNARTE\/MG. Possui obras nos acervos do MAC USP\/SP, SESC\/AP, Museu de Arte Contempor\u00e2nea de Campo Grande\/MS. Atualmente atua como arte-educador, integra a Divis\u00e3o de Cultura na Secretaria Municipal de Educa\u00e7\u00e3o e \u00e9 representado pela galeria b_arco, em S\u00e3o Paulo.<br \/>Site: <a href=\"https:\/\/juniorsuci.com\/\">juniorsuci.com<\/a> \/ Instagram: <a href=\"https:\/\/instagram.com\/sucijunior\/\">@sucijunior<\/a><\/p><p><strong>Tatiana Bo<\/strong>. Mestre em Hist\u00f3ria da Arte pela Universidade Federal de S\u00e3o Paulo (UNIFESP). P\u00f3s-graduada em Hist\u00f3ria da Arte pela Funda\u00e7\u00e3o Armando Alvares Penteado (FAAP) e graduada em Bacharelado em Artes Pl\u00e1sticas pela Universidade Estadual Paulista J\u00falio de Mesquita Filho (UNESP). Possui especializa\u00e7\u00e3o em Fashion Design pelo Istituto Marangoni em Mil\u00e3o e atua na \u00e1rea de arte educa\u00e7\u00e3o a partir de 2000. Desde 2015 \u00e9 Coordenadora do Educativo no Museu de Arte Brasileira (MAB FAAP) onde tem desenvolvido discuss\u00f5es e material para as forma\u00e7\u00f5es das equipes de educadores que atuam nas exposi\u00e7\u00f5es. Tem-se dedicado ao estudo de Museus de Arte, Museus de Moda e Arte-Educa\u00e7\u00e3o.<\/p>\t\t\t\t\t\t\t\t<\/div>\n\t\t\t\t<\/div>\n\t\t\t\t<div class=\"elementor-element elementor-element-fdb3216 elementor-widget elementor-widget-spacer\" data-id=\"fdb3216\" data-element_type=\"widget\" data-widget_type=\"spacer.default\">\n\t\t\t\t<div class=\"elementor-widget-container\">\n\t\t\t\t\t\t\t<div class=\"elementor-spacer\">\n\t\t\t<div class=\"elementor-spacer-inner\"><\/div>\n\t\t<\/div>\n\t\t\t\t\t\t<\/div>\n\t\t\t\t<\/div>\n\t\t\t\t\t<\/div>\n\t\t<\/div>\n\t\t\t\t<div class=\"elementor-column elementor-col-25 elementor-top-column elementor-element elementor-element-155b098 elementor-hidden-tablet elementor-hidden-phone\" data-id=\"155b098\" data-element_type=\"column\">\n\t\t\t<div class=\"elementor-widget-wrap\">\n\t\t\t\t\t\t\t<\/div>\n\t\t<\/div>\n\t\t\t\t\t<\/div>\n\t\t<\/section>\n\t\t\t\t<\/div>\n\t\t","protected":false},"excerpt":{"rendered":"<p>PALESTRAS Foto: Fisheye PALESTRAS https:\/\/vimeo.com\/651744967 CAF\u00c9, MEM\u00d3RIA E ARTE A palestra Caf\u00e9, Mem\u00f3ria e Arte teve como objetivo principal compartilhar a vasta experi\u00eancia dos curadores, Marilia Bonas e Pedro Nery, historiadores e muse\u00f3logos, sobre o assunto trajet\u00f3ria do caf\u00e9 no contexto hist\u00f3rico, cultural e no campo das artes. Com media\u00e7\u00e3o de Ana Raquel Elisa Satim [&hellip;]<\/p>\n","protected":false},"author":1,"featured_media":0,"parent":0,"menu_order":5,"comment_status":"closed","ping_status":"closed","template":"","meta":{"_monsterinsights_skip_tracking":false,"_monsterinsights_sitenote_active":false,"_monsterinsights_sitenote_note":"","_monsterinsights_sitenote_category":0,"footnotes":""},"class_list":["post-1799","page","type-page","status-publish","hentry"],"jetpack_sharing_enabled":true,"_links":{"self":[{"href":"https:\/\/www.cafemundoexpo.com.br\/en\/wp-json\/wp\/v2\/pages\/1799","targetHints":{"allow":["GET"]}}],"collection":[{"href":"https:\/\/www.cafemundoexpo.com.br\/en\/wp-json\/wp\/v2\/pages"}],"about":[{"href":"https:\/\/www.cafemundoexpo.com.br\/en\/wp-json\/wp\/v2\/types\/page"}],"author":[{"embeddable":true,"href":"https:\/\/www.cafemundoexpo.com.br\/en\/wp-json\/wp\/v2\/users\/1"}],"replies":[{"embeddable":true,"href":"https:\/\/www.cafemundoexpo.com.br\/en\/wp-json\/wp\/v2\/comments?post=1799"}],"version-history":[{"count":10,"href":"https:\/\/www.cafemundoexpo.com.br\/en\/wp-json\/wp\/v2\/pages\/1799\/revisions"}],"predecessor-version":[{"id":1958,"href":"https:\/\/www.cafemundoexpo.com.br\/en\/wp-json\/wp\/v2\/pages\/1799\/revisions\/1958"}],"wp:attachment":[{"href":"https:\/\/www.cafemundoexpo.com.br\/en\/wp-json\/wp\/v2\/media?parent=1799"}],"curies":[{"name":"wp","href":"https:\/\/api.w.org\/{rel}","templated":true}]}}