{"id":1853,"date":"2021-09-06T11:19:28","date_gmt":"2021-09-06T14:19:28","guid":{"rendered":"https:\/\/www.cafemundoexpo.com.br\/?page_id=1853"},"modified":"2021-09-14T18:11:33","modified_gmt":"2021-09-14T21:11:33","slug":"tour-virtual","status":"publish","type":"page","link":"https:\/\/www.cafemundoexpo.com.br\/en\/tour-virtual\/","title":{"rendered":"Tour virtual"},"content":{"rendered":"\t\t<div data-elementor-type=\"wp-page\" data-elementor-id=\"1853\" class=\"elementor elementor-1853\" data-elementor-settings=\"{&quot;ha_cmc_init_switcher&quot;:&quot;no&quot;}\" data-elementor-post-type=\"page\">\n\t\t\t\t\t\t<section class=\"elementor-section elementor-top-section elementor-element elementor-element-90a77a5 elementor-section-items-bottom elementor-section-full_width elementor-section-height-min-height elementor-section-stretched elementor-section-height-default\" data-id=\"90a77a5\" data-element_type=\"section\" data-settings=\"{&quot;background_motion_fx_motion_fx_scrolling&quot;:&quot;yes&quot;,&quot;stretch_section&quot;:&quot;section-stretched&quot;,&quot;background_background&quot;:&quot;classic&quot;,&quot;background_motion_fx_translateY_effect&quot;:&quot;yes&quot;,&quot;background_motion_fx_translateY_speed&quot;:{&quot;unit&quot;:&quot;px&quot;,&quot;size&quot;:4,&quot;sizes&quot;:[]},&quot;background_motion_fx_translateY_affectedRange&quot;:{&quot;unit&quot;:&quot;%&quot;,&quot;size&quot;:&quot;&quot;,&quot;sizes&quot;:{&quot;start&quot;:0,&quot;end&quot;:100}},&quot;background_motion_fx_devices&quot;:[&quot;desktop&quot;,&quot;tablet&quot;,&quot;mobile&quot;],&quot;_ha_eqh_enable&quot;:false}\">\n\t\t\t\t\t\t\t<div class=\"elementor-background-overlay\"><\/div>\n\t\t\t\t\t\t\t<div class=\"elementor-container elementor-column-gap-wide\">\n\t\t\t\t\t<div class=\"elementor-column elementor-col-100 elementor-top-column elementor-element elementor-element-5ed9d0f\" data-id=\"5ed9d0f\" data-element_type=\"column\">\n\t\t\t<div class=\"elementor-widget-wrap elementor-element-populated\">\n\t\t\t\t\t\t<div class=\"elementor-element elementor-element-179923b elementor-widget elementor-widget-heading\" data-id=\"179923b\" data-element_type=\"widget\" data-settings=\"{&quot;motion_fx_motion_fx_scrolling&quot;:&quot;yes&quot;,&quot;motion_fx_opacity_effect&quot;:&quot;yes&quot;,&quot;motion_fx_opacity_direction&quot;:&quot;in-out&quot;,&quot;motion_fx_opacity_range&quot;:{&quot;unit&quot;:&quot;%&quot;,&quot;size&quot;:&quot;&quot;,&quot;sizes&quot;:{&quot;start&quot;:36,&quot;end&quot;:72}},&quot;motion_fx_opacity_level&quot;:{&quot;unit&quot;:&quot;px&quot;,&quot;size&quot;:10,&quot;sizes&quot;:[]},&quot;motion_fx_devices&quot;:[&quot;desktop&quot;,&quot;tablet&quot;,&quot;mobile&quot;]}\" data-widget_type=\"heading.default\">\n\t\t\t\t<div class=\"elementor-widget-container\">\n\t\t\t\t\t<h2 class=\"elementor-heading-title elementor-size-default\">Tour virtual<\/h2>\t\t\t\t<\/div>\n\t\t\t\t<\/div>\n\t\t\t\t<div class=\"elementor-element elementor-element-daaab05 elementor-widget elementor-widget-text-editor\" data-id=\"daaab05\" data-element_type=\"widget\" data-widget_type=\"text-editor.default\">\n\t\t\t\t<div class=\"elementor-widget-container\">\n\t\t\t\t\t\t\t\t\t<p>Foto: Fisheye<\/p>\t\t\t\t\t\t\t\t<\/div>\n\t\t\t\t<\/div>\n\t\t\t\t\t<\/div>\n\t\t<\/div>\n\t\t\t\t\t<\/div>\n\t\t<\/section>\n\t\t\t\t<section class=\"elementor-section elementor-top-section elementor-element elementor-element-f156090 elementor-section-full_width elementor-section-stretched elementor-section-height-default elementor-section-height-default\" data-id=\"f156090\" data-element_type=\"section\" data-settings=\"{&quot;background_background&quot;:&quot;classic&quot;,&quot;stretch_section&quot;:&quot;section-stretched&quot;,&quot;_ha_eqh_enable&quot;:false}\">\n\t\t\t\t\t\t<div class=\"elementor-container elementor-column-gap-no\">\n\t\t\t\t\t<div class=\"elementor-column elementor-col-25 elementor-top-column elementor-element elementor-element-2316476\" data-id=\"2316476\" data-element_type=\"column\">\n\t\t\t<div class=\"elementor-widget-wrap\">\n\t\t\t\t\t\t\t<\/div>\n\t\t<\/div>\n\t\t\t\t<div class=\"elementor-column elementor-col-50 elementor-top-column elementor-element elementor-element-dea86a1\" data-id=\"dea86a1\" data-element_type=\"column\">\n\t\t\t<div class=\"elementor-widget-wrap elementor-element-populated\">\n\t\t\t\t\t\t<div class=\"elementor-element elementor-element-9baab76 elementor-drop-cap-yes elementor-drop-cap-view-default elementor-widget elementor-widget-text-editor\" data-id=\"9baab76\" data-element_type=\"widget\" data-settings=\"{&quot;drop_cap&quot;:&quot;yes&quot;}\" data-widget_type=\"text-editor.default\">\n\t\t\t\t<div class=\"elementor-widget-container\">\n\t\t\t\t\t\t\t\t\t<p>Voc\u00ea gostaria muito de visitar a exposi\u00e7\u00e3o <strong>Caf\u00e9 Mundo<\/strong>, mas n\u00e3o est\u00e1 em S\u00e3o Paulo e n\u00e3o conseguir\u00e1 vir antes do seu fechamento ao p\u00fablico? Ou voc\u00ea j\u00e1 visitou, mas ficou com gostinho de quero mais?<\/p><p>A partir de agora, disponibilizaremos o tour virtual para que voc\u00ea possa ter acesso \u00e0 exposi\u00e7\u00e3o <strong>Caf\u00e9 Mundo<\/strong>\u00a0sem sair de casa. O tour virtual permitir\u00e1 que voc\u00ea visualize o ambiente expositivo <span style=\"text-decoration: underline;\">em 360 graus<\/span> para conhecer com detalhes tudo que aconteceu dentro do espa\u00e7o expositivo. Voc\u00ea poder\u00e1 acessar o mapa da exposi\u00e7\u00e3o sempre que desejar, bem como ligar e desligar o som na barra lateral mas fique atento, pois v\u00e1rias obras contam com instala\u00e7\u00f5es sonoras sendo importante estar com o som acionado! O tour tamb\u00e9m conta com audiodescri\u00e7\u00e3o de todos os textos.<\/p><p>Nessa p\u00e1gina, poder\u00e1 conferir tudo em detalhes, desde a enorme estante localizada na entrada da exposi\u00e7\u00e3o, compondo uma esp\u00e9cie de biblioteca de objetos, que re\u00fane exemplos da rica e diversificada cultura material do caf\u00e9. As mesas interativas com conte\u00fado digital desenvolvido exclusivamente para a exposi\u00e7\u00e3o, at\u00e9 as obras consagradas de Antonio Ferrigno, Candido Portinari e Manabu Mabe, Aldir Mendes de Souza, al\u00e9m dos trabalhos contempor\u00e2neos de Katia Fiera, Mulamb\u00f6, Naiana Magalh\u00e3es, assim como o registro da performance de Ismael Ivo, \u201c<em>I Had Too Much Coffee<\/em>\u201d, com dire\u00e7\u00e3o de Ralf Schmerberg.<\/p><p>Bem como vivenciar a instala\u00e7\u00e3o \u201cFlor do desejo\u201d da artista Raquel Fayad, na qual pilhas de x\u00edcaras brancas s\u00e3o acompanhadas pelo som do tilintar do preparo do caf\u00e9, agu\u00e7ando sentidos.<\/p><p>Poder\u00e1 visualizar em detalhes as fotografias de Arm\u00ednio Kaiser (Salvador \u2013 BA, 1925 \u2013 Londrina \u2013 PR, 2014) e de Jorge Panchoaga (Popay\u00e1n, Col\u00f4mbia, 1984 \u2013 ).<\/p><p>Voc\u00ea tamb\u00e9m poder\u00e1 ver e rever a R\u00e1dio Caf\u00e9 e suas reverbera\u00e7\u00f5es na literatura, na m\u00fasica e no cinema e assistir a proje\u00e7\u00e3o de videomapping, apresentando a jornada do her\u00f3i, na qual o protagonista \u00e9 o pr\u00f3prio caf\u00e9 em sua saga para dominar o mundo, colocando em di\u00e1logo as muitas camadas de hist\u00f3ria e significados apresentados na exposi\u00e7\u00e3o.<\/p><p>Desejamos uma \u00f3tima visita e esperamos que gostem de tudo que foi especialmente preparado para voc\u00ea!<\/p><p><strong>Equipe Caf\u00e9 Mundo!<\/strong><\/p>\t\t\t\t\t\t\t\t<\/div>\n\t\t\t\t<\/div>\n\t\t\t\t<div class=\"elementor-element elementor-element-4dd677e elementor-widget-divider--view-line_icon elementor-view-default elementor-widget-divider--element-align-center elementor-widget elementor-widget-divider\" data-id=\"4dd677e\" data-element_type=\"widget\" data-widget_type=\"divider.default\">\n\t\t\t\t<div class=\"elementor-widget-container\">\n\t\t\t\t\t\t\t<div class=\"elementor-divider\">\n\t\t\t<span class=\"elementor-divider-separator\">\n\t\t\t\t\t\t\t<div class=\"elementor-icon elementor-divider__element\">\n\t\t\t\t\t<svg xmlns=\"http:\/\/www.w3.org\/2000\/svg\" viewBox=\"0 0 140 155\"><title>Caipira-Preto<\/title><g id=\"Layer_2\" data-name=\"Layer 2\"><g id=\"PROPOSTA_1\" data-name=\"PROPOSTA 1\"><path d=\"M70,0C31.34,0,0,34.7,0,77.5S31.34,155,70,155s70-34.7,70-77.5S108.66,0,70,0Zm0,126L26.3,77.5,70,29l43.7,48.5Z\"><\/path><circle cx=\"70\" cy=\"77.5\" r=\"14\"><\/circle><\/g><\/g><\/svg><\/div>\n\t\t\t\t\t\t<\/span>\n\t\t<\/div>\n\t\t\t\t\t\t<\/div>\n\t\t\t\t<\/div>\n\t\t\t\t<div class=\"elementor-element elementor-element-e10c522 elementor-widget elementor-widget-heading\" data-id=\"e10c522\" data-element_type=\"widget\" data-widget_type=\"heading.default\">\n\t\t\t\t<div class=\"elementor-widget-container\">\n\t\t\t\t\t<h4 class=\"elementor-heading-title elementor-size-default\">Clique na imagem abaixo para acessar o tour virtual<\/h4>\t\t\t\t<\/div>\n\t\t\t\t<\/div>\n\t\t\t\t<div class=\"elementor-element elementor-element-bdebc3e elementor-widget elementor-widget-image\" data-id=\"bdebc3e\" data-element_type=\"widget\" data-widget_type=\"image.default\">\n\t\t\t\t<div class=\"elementor-widget-container\">\n\t\t\t\t\t\t\t\t\t\t\t\t\t\t\t\t<a href=\"https:\/\/www.cafemundoexpo.com.br\/tour360\/\" target=\"_blank\">\n\t\t\t\t\t\t\t<img fetchpriority=\"high\" decoding=\"async\" width=\"1918\" height=\"879\" src=\"https:\/\/i0.wp.com\/www.cafemundoexpo.com.br\/wp-content\/uploads\/2021\/09\/Screenshot-2021-09-06-112103.jpg?fit=1918%2C879&amp;ssl=1\" class=\"attachment-full size-full wp-image-1855\" alt=\"\" srcset=\"https:\/\/i0.wp.com\/www.cafemundoexpo.com.br\/wp-content\/uploads\/2021\/09\/Screenshot-2021-09-06-112103.jpg?w=1918&amp;ssl=1 1918w, https:\/\/i0.wp.com\/www.cafemundoexpo.com.br\/wp-content\/uploads\/2021\/09\/Screenshot-2021-09-06-112103.jpg?resize=1536%2C704&amp;ssl=1 1536w, https:\/\/i0.wp.com\/www.cafemundoexpo.com.br\/wp-content\/uploads\/2021\/09\/Screenshot-2021-09-06-112103.jpg?resize=18%2C8&amp;ssl=1 18w\" sizes=\"(max-width: 1600px) 100vw, 1600px\" \/>\t\t\t\t\t\t\t\t<\/a>\n\t\t\t\t\t\t\t\t\t\t\t\t\t\t\t<\/div>\n\t\t\t\t<\/div>\n\t\t\t\t\t<\/div>\n\t\t<\/div>\n\t\t\t\t<div class=\"elementor-column elementor-col-25 elementor-top-column elementor-element elementor-element-6fe8525\" data-id=\"6fe8525\" data-element_type=\"column\">\n\t\t\t<div class=\"elementor-widget-wrap elementor-element-populated\">\n\t\t\t\t\t\t<div class=\"elementor-element elementor-element-5f08845 elementor-align-center elementor-widget elementor-widget-button\" data-id=\"5f08845\" data-element_type=\"widget\" data-widget_type=\"button.default\">\n\t\t\t\t<div class=\"elementor-widget-container\">\n\t\t\t\t\t\t\t\t\t<div class=\"elementor-button-wrapper\">\n\t\t\t\t\t<a class=\"elementor-button elementor-button-link elementor-size-md\" href=\"https:\/\/www.cafemundoexpo.com.br\/tour360\/\" target=\"_blank\">\n\t\t\t\t\t\t<span class=\"elementor-button-content-wrapper\">\n\t\t\t\t\t\t<span class=\"elementor-button-icon\">\n\t\t\t\t<i aria-hidden=\"true\" class=\"auxicon auxicon-playback-play\"><\/i>\t\t\t<\/span>\n\t\t\t\t\t\t\t\t\t<span class=\"elementor-button-text\">ACESSAR TOUR<\/span>\n\t\t\t\t\t<\/span>\n\t\t\t\t\t<\/a>\n\t\t\t\t<\/div>\n\t\t\t\t\t\t\t\t<\/div>\n\t\t\t\t<\/div>\n\t\t\t\t\t<\/div>\n\t\t<\/div>\n\t\t\t\t\t<\/div>\n\t\t<\/section>\n\t\t\t\t<\/div>\n\t\t","protected":false},"excerpt":{"rendered":"<p>Tour virtual Foto: Fisheye Tourvirtual Voc\u00ea gostaria muito de visitar a exposi\u00e7\u00e3o Caf\u00e9 Mundo, mas n\u00e3o est\u00e1 em S\u00e3o Paulo e n\u00e3o conseguir\u00e1 vir antes do seu fechamento ao p\u00fablico? Ou voc\u00ea j\u00e1 visitou, mas ficou com gostinho de quero mais? A partir de agora, disponibilizaremos o tour virtual para que voc\u00ea possa ter acesso [&hellip;]<\/p>\n","protected":false},"author":1,"featured_media":0,"parent":0,"menu_order":2,"comment_status":"closed","ping_status":"closed","template":"","meta":{"_monsterinsights_skip_tracking":false,"_monsterinsights_sitenote_active":false,"_monsterinsights_sitenote_note":"","_monsterinsights_sitenote_category":0,"footnotes":""},"class_list":["post-1853","page","type-page","status-publish","hentry"],"jetpack_sharing_enabled":true,"_links":{"self":[{"href":"https:\/\/www.cafemundoexpo.com.br\/en\/wp-json\/wp\/v2\/pages\/1853","targetHints":{"allow":["GET"]}}],"collection":[{"href":"https:\/\/www.cafemundoexpo.com.br\/en\/wp-json\/wp\/v2\/pages"}],"about":[{"href":"https:\/\/www.cafemundoexpo.com.br\/en\/wp-json\/wp\/v2\/types\/page"}],"author":[{"embeddable":true,"href":"https:\/\/www.cafemundoexpo.com.br\/en\/wp-json\/wp\/v2\/users\/1"}],"replies":[{"embeddable":true,"href":"https:\/\/www.cafemundoexpo.com.br\/en\/wp-json\/wp\/v2\/comments?post=1853"}],"version-history":[{"count":10,"href":"https:\/\/www.cafemundoexpo.com.br\/en\/wp-json\/wp\/v2\/pages\/1853\/revisions"}],"predecessor-version":[{"id":1911,"href":"https:\/\/www.cafemundoexpo.com.br\/en\/wp-json\/wp\/v2\/pages\/1853\/revisions\/1911"}],"wp:attachment":[{"href":"https:\/\/www.cafemundoexpo.com.br\/en\/wp-json\/wp\/v2\/media?parent=1853"}],"curies":[{"name":"wp","href":"https:\/\/api.w.org\/{rel}","templated":true}]}}