{"id":430,"date":"2020-05-28T16:24:44","date_gmt":"2020-05-28T19:24:44","guid":{"rendered":"https:\/\/www.cafemundoexpo.com.br\/?page_id=430"},"modified":"2021-07-15T13:15:07","modified_gmt":"2021-07-15T16:15:07","slug":"texto-curatorial","status":"publish","type":"page","link":"https:\/\/www.cafemundoexpo.com.br\/en\/texto-curatorial\/","title":{"rendered":"Curatorial text"},"content":{"rendered":"\t\t<div data-elementor-type=\"wp-page\" data-elementor-id=\"430\" class=\"elementor elementor-430\" data-elementor-settings=\"{&quot;ha_cmc_init_switcher&quot;:&quot;no&quot;}\" data-elementor-post-type=\"page\">\n\t\t\t\t\t\t<section class=\"elementor-section elementor-top-section elementor-element elementor-element-54348d11 elementor-section-items-bottom elementor-section-full_width elementor-section-height-min-height elementor-section-stretched elementor-section-height-default\" data-id=\"54348d11\" data-element_type=\"section\" data-settings=\"{&quot;background_motion_fx_motion_fx_scrolling&quot;:&quot;yes&quot;,&quot;stretch_section&quot;:&quot;section-stretched&quot;,&quot;background_background&quot;:&quot;classic&quot;,&quot;background_motion_fx_translateY_effect&quot;:&quot;yes&quot;,&quot;background_motion_fx_translateY_speed&quot;:{&quot;unit&quot;:&quot;px&quot;,&quot;size&quot;:4,&quot;sizes&quot;:[]},&quot;background_motion_fx_translateY_affectedRange&quot;:{&quot;unit&quot;:&quot;%&quot;,&quot;size&quot;:&quot;&quot;,&quot;sizes&quot;:{&quot;start&quot;:0,&quot;end&quot;:100}},&quot;background_motion_fx_devices&quot;:[&quot;desktop&quot;,&quot;tablet&quot;,&quot;mobile&quot;],&quot;_ha_eqh_enable&quot;:false}\">\n\t\t\t\t\t\t\t<div class=\"elementor-background-overlay\"><\/div>\n\t\t\t\t\t\t\t<div class=\"elementor-container elementor-column-gap-wider\">\n\t\t\t\t\t<div class=\"elementor-column elementor-col-100 elementor-top-column elementor-element elementor-element-cba9edd\" data-id=\"cba9edd\" data-element_type=\"column\">\n\t\t\t<div class=\"elementor-widget-wrap elementor-element-populated\">\n\t\t\t\t\t\t<div class=\"elementor-element elementor-element-55800e9 elementor-widget elementor-widget-heading\" data-id=\"55800e9\" data-element_type=\"widget\" data-settings=\"{&quot;motion_fx_motion_fx_scrolling&quot;:&quot;yes&quot;,&quot;motion_fx_opacity_effect&quot;:&quot;yes&quot;,&quot;motion_fx_opacity_direction&quot;:&quot;in-out&quot;,&quot;motion_fx_opacity_range&quot;:{&quot;unit&quot;:&quot;%&quot;,&quot;size&quot;:&quot;&quot;,&quot;sizes&quot;:{&quot;start&quot;:36,&quot;end&quot;:72}},&quot;motion_fx_opacity_level&quot;:{&quot;unit&quot;:&quot;px&quot;,&quot;size&quot;:10,&quot;sizes&quot;:[]},&quot;motion_fx_devices&quot;:[&quot;desktop&quot;,&quot;tablet&quot;,&quot;mobile&quot;]}\" data-widget_type=\"heading.default\">\n\t\t\t\t<div class=\"elementor-widget-container\">\n\t\t\t\t\t<h2 class=\"elementor-heading-title elementor-size-default\">Curadoria<\/h2>\t\t\t\t<\/div>\n\t\t\t\t<\/div>\n\t\t\t\t\t<\/div>\n\t\t<\/div>\n\t\t\t\t\t<\/div>\n\t\t<\/section>\n\t\t\t\t<section class=\"elementor-section elementor-top-section elementor-element elementor-element-6373b767 elementor-section-full_width elementor-section-stretched elementor-section-height-default elementor-section-height-default\" data-id=\"6373b767\" data-element_type=\"section\" data-settings=\"{&quot;background_background&quot;:&quot;classic&quot;,&quot;stretch_section&quot;:&quot;section-stretched&quot;,&quot;_ha_eqh_enable&quot;:false}\">\n\t\t\t\t\t\t<div class=\"elementor-container elementor-column-gap-no\">\n\t\t\t\t\t<div class=\"elementor-column elementor-col-25 elementor-top-column elementor-element elementor-element-7c393437\" data-id=\"7c393437\" data-element_type=\"column\">\n\t\t\t<div class=\"elementor-widget-wrap\">\n\t\t\t\t\t\t\t<\/div>\n\t\t<\/div>\n\t\t\t\t<div class=\"elementor-column elementor-col-50 elementor-top-column elementor-element elementor-element-23677952\" data-id=\"23677952\" data-element_type=\"column\">\n\t\t\t<div class=\"elementor-widget-wrap elementor-element-populated\">\n\t\t\t\t\t\t<div class=\"elementor-element elementor-element-1ba43bd8 elementor-drop-cap-yes elementor-drop-cap-view-default elementor-widget elementor-widget-text-editor\" data-id=\"1ba43bd8\" data-element_type=\"widget\" data-settings=\"{&quot;drop_cap&quot;:&quot;yes&quot;}\" data-widget_type=\"text-editor.default\">\n\t\t\t\t<div class=\"elementor-widget-container\">\n\t\t\t\t\t\t\t\t\t<p>7,7 bilh\u00f5es de habitantes. Mais de 190 pa\u00edses. In\u00fameras culturas e formas de viver. O mundo \u00e9 vasto, mas uma grande parte dele compartilha um mesmo ritual di\u00e1rio, que se repete de diversas maneiras: beber caf\u00e9. Num planeta t\u00e3o diverso, o caf\u00e9 \u00e9 uma bebida global. Patrim\u00f4nio que se bebe, em torno dele gravitam muitos ritos, saberes e fazeres, do plantio ao consumo.<\/p>\n<p>O caf\u00e9 como conhecemos \u00e9 uma bebida consumida h\u00e1 mais de seiscentos anos. Sua trajet\u00f3ria no mundo \u2013 que tem origem na \u00c1frica, se reinventa na \u00c1sia e ocupa a Europa, chegando depois \u00e0s Am\u00e9ricas \u2013 \u00e9 um patrim\u00f4nio da humanidade em toda sua diversidade.<\/p>\n<p>A exposi\u00e7\u00e3o <strong>Caf\u00e9 Mundo<\/strong> aborda a bebida nessa perspectiva global, seguindo dois eixos estruturantes, que se distribuem pelo espa\u00e7o em di\u00e1logo: o caf\u00e9 enquanto patrim\u00f4nio ativo mundial e o caf\u00e9 como alimento das diferentes linguagens art\u00edsticas.<\/p>\n<p>No primeiro eixo, a cadeia do caf\u00e9 \u2013 da produ\u00e7\u00e3o ao consumo \u2013 e sua hist\u00f3ria ao redor do globo s\u00e3o apresentadas ao p\u00fablico em um conjunto de mesas interativas, que mostram a trajet\u00f3ria da bebida da planta \u00e0 x\u00edcara, suas caracter\u00edsticas e curiosidades sobre preparo e consumo em diversos pa\u00edses.<\/p>\n<p>O ponto central deste primeiro eixo \u00e9 uma grande vitrine \u2013 uma esp\u00e9cie de biblioteca de objetos ligados \u00e0 cultura do caf\u00e9 \u2013 reunindo exemplos da rica e diversa cultura material que se desdobra a partir da presen\u00e7a da bebida em todo o planeta.<\/p>\n<p>Caf\u00e9 e cultura s\u00e3o palavras indissoci\u00e1veis em muitas partes do mundo, incluindo o Brasil. Em torno do caf\u00e9 se desdobram muitas linguagens art\u00edsticas, seja pela contribui\u00e7\u00e3o hist\u00f3rica e econ\u00f4mica da bebida, seja por seus saberes, fazeres ou representa\u00e7\u00f5es. O segundo eixo curatorial se estende por tr\u00eas \u00e1reas relacionadas: fotografia, m\u00fasica\/literatura\/cinema e artes visuais.<\/p>\n<p>Duas pequenas mostras de fotografia, in\u00e9ditas em S\u00e3o Paulo, ocupam as \u00e1reas laterais da exposi\u00e7\u00e3o, com imagens de autoria de Arm\u00ednio Kaiser (Salvador &#8211; BA, 1925 &#8211; Londrina &#8211; PR, 2014) e de Jorge Panchoaga (Popay\u00e1n, Col\u00f4mbia, 1984 &#8211; ). S\u00e3o obras que n\u00e3o se vinculam \u00e0 iconografia tradicional brasileira e colombiana do caf\u00e9, voltada a seus lugares de produ\u00e7\u00e3o, mas remetem, em outros termos, aos sujeitos por tr\u00e1s do produto (Kaiser) e aos corpos marcados pela cultura urbana cafeeira no contexto latino-americano (Panchoaga).<\/p>\n<p>Em uma homenagem ao caf\u00e9 e a sua presen\u00e7a em nossas casas \u2013 para al\u00e9m da bebida em si \u2013, a <strong>R\u00e1dio Caf\u00e9<\/strong> traz ao p\u00fablico suas reverbera\u00e7\u00f5es na literatura, na m\u00fasica e no cinema. Esse conte\u00fado, que parte de uma extensa pesquisa, tamb\u00e9m pode ser acessado no site da exposi\u00e7\u00e3o.<\/p>\n<p>No m\u00f3dulo dedicado ao caf\u00e9 nas artes visuais brasileiras, a exposi\u00e7\u00e3o contrap\u00f5e obras consagradas de Antonio Ferrigno, pertencentes \u00e0 cole\u00e7\u00e3o do Museu do Ipiranga, da USP, \u00e0 produ\u00e7\u00e3o art\u00edstica moderna, que vai de Candido Portinari e Manabu Mabe \u00e0s pinturas formais de Aldir Mendes de Souza, do acervo do Museu de Arte Brasileira da FAAP e da cole\u00e7\u00e3o Santander. Essas obras confluem em um di\u00e1logo cr\u00edtico com trabalhos contempor\u00e2neos, como o livro de artista de Katia Fiera, tamb\u00e9m do acervo da FAAP, a pintura de Mulamb\u00f6, do acervo do Museu de Arte do Rio (MAR), e um v\u00eddeo de Naiana Magalh\u00e3es, da cole\u00e7\u00e3o da artista. A exposi\u00e7\u00e3o tamb\u00e9m traz a p\u00fablico o registro da performance de Ismael Ivo, &#8220;I Had Too Much Coffee&#8221;, de 2002, com dire\u00e7\u00e3o de Ralf Schmerberg.&nbsp;<\/p>\n<p>Ainda no m\u00f3dulo de artes visuais, <strong>Caf\u00e9 Mundo<\/strong> traz uma instala\u00e7\u00e3o da artista Raquel Fayad, desenvolvida especialmente para a exposi\u00e7\u00e3o. Com uma s\u00e9rie de obras relacionadas ao caf\u00e9, a artista apresenta aqui Flor do desejo, na qual pilhas de x\u00edcaras brancas s\u00e3o acompanhadas pelo som do tilintar do preparo do caf\u00e9, agu\u00e7ando sentidos paralelos aos comumente estimulados pela bebida, como o aroma e a vis\u00e3o da cor terrosa, e remetendo ao branco da florada do cafezal.<\/p>\n<p>Para potencializar a experi\u00eancia e as reflex\u00f5es do p\u00fablico, <strong>Caf\u00e9 Mundo<\/strong> oferece, por fim, uma grande sala imersiva, com conte\u00fados que colocam em di\u00e1logo as muitas camadas de hist\u00f3ria e de significado do caf\u00e9 apresentadas na exposi\u00e7\u00e3o.<\/p>\n<p><strong>Caf\u00e9 Mundo<\/strong> espera atender ao desejo de milhares de pessoas envolvidas na cadeia do caf\u00e9, de produtores a consumidores apaixonados, ao compartilhar sua riqueza e sua import\u00e2ncia, bem como sua pot\u00eancia, enquanto patrim\u00f4nio, de conectar culturas.<\/p>\n<p><strong>Mar\u00edlia Bonas e Pedro Nery&nbsp;\u2014&nbsp;Curadores<\/strong><\/p>\t\t\t\t\t\t\t\t<\/div>\n\t\t\t\t<\/div>\n\t\t\t\t\t<\/div>\n\t\t<\/div>\n\t\t\t\t<div class=\"elementor-column elementor-col-25 elementor-top-column elementor-element elementor-element-74959806\" data-id=\"74959806\" data-element_type=\"column\">\n\t\t\t<div class=\"elementor-widget-wrap elementor-element-populated\">\n\t\t\t\t\t\t<div class=\"elementor-element elementor-element-619cebc6 elementor-widget elementor-widget-image\" data-id=\"619cebc6\" data-element_type=\"widget\" data-settings=\"{&quot;motion_fx_motion_fx_scrolling&quot;:&quot;yes&quot;,&quot;motion_fx_translateY_effect&quot;:&quot;yes&quot;,&quot;motion_fx_devices&quot;:[&quot;desktop&quot;,&quot;tablet&quot;],&quot;motion_fx_translateY_speed&quot;:{&quot;unit&quot;:&quot;px&quot;,&quot;size&quot;:4,&quot;sizes&quot;:[]},&quot;motion_fx_translateY_affectedRange&quot;:{&quot;unit&quot;:&quot;%&quot;,&quot;size&quot;:&quot;&quot;,&quot;sizes&quot;:{&quot;start&quot;:0,&quot;end&quot;:100}}}\" data-widget_type=\"image.default\">\n\t\t\t\t<div class=\"elementor-widget-container\">\n\t\t\t\t\t\t\t\t\t\t\t\t<figure class=\"wp-caption\">\n\t\t\t\t\t\t\t\t\t\t\t<a href=\"https:\/\/i0.wp.com\/www.cafemundoexpo.com.br\/wp-content\/uploads\/2020\/06\/Antonio_Ferrigno_-_O_Lavadouro_Acervo_do_Museu_Paulista_da_USP.jpg?ssl=1\" data-elementor-open-lightbox=\"yes\" data-elementor-lightbox-title=\"Antonio Ferrigno | O lavadouro, Fazenda Santa Gertrudes - Araras, SP, 1903 | Acervo Museu Paulista\" data-e-action-hash=\"#elementor-action%3Aaction%3Dlightbox%26settings%3DeyJpZCI6NjA1LCJ1cmwiOiJodHRwczpcL1wvd3d3LmNhZmVtdW5kb2V4cG8uY29tLmJyXC93cC1jb250ZW50XC91cGxvYWRzXC8yMDIwXC8wNlwvQW50b25pb19GZXJyaWdub18tX09fTGF2YWRvdXJvX0FjZXJ2b19kb19NdXNldV9QYXVsaXN0YV9kYV9VU1AuanBnIn0%3D\">\n\t\t\t\t\t\t\t<img fetchpriority=\"high\" decoding=\"async\" width=\"1920\" height=\"1285\" src=\"https:\/\/i0.wp.com\/www.cafemundoexpo.com.br\/wp-content\/uploads\/2020\/06\/Antonio_Ferrigno_-_O_Lavadouro_Acervo_do_Museu_Paulista_da_USP.jpg?fit=1920%2C1285&amp;ssl=1\" class=\"attachment-full size-full wp-image-605\" alt=\"\" srcset=\"https:\/\/i0.wp.com\/www.cafemundoexpo.com.br\/wp-content\/uploads\/2020\/06\/Antonio_Ferrigno_-_O_Lavadouro_Acervo_do_Museu_Paulista_da_USP.jpg?w=1920&amp;ssl=1 1920w, https:\/\/i0.wp.com\/www.cafemundoexpo.com.br\/wp-content\/uploads\/2020\/06\/Antonio_Ferrigno_-_O_Lavadouro_Acervo_do_Museu_Paulista_da_USP.jpg?resize=1536%2C1028&amp;ssl=1 1536w, https:\/\/i0.wp.com\/www.cafemundoexpo.com.br\/wp-content\/uploads\/2020\/06\/Antonio_Ferrigno_-_O_Lavadouro_Acervo_do_Museu_Paulista_da_USP.jpg?resize=2048%2C1371&amp;ssl=1 2048w\" sizes=\"(max-width: 1600px) 100vw, 1600px\" \/>\t\t\t\t\t\t\t\t<\/a>\n\t\t\t\t\t\t\t\t\t\t\t<figcaption class=\"widget-image-caption wp-caption-text\">Antonio Ferrigno<\/figcaption>\n\t\t\t\t\t\t\t\t\t\t<\/figure>\n\t\t\t\t\t\t\t\t\t<\/div>\n\t\t\t\t<\/div>\n\t\t\t\t<div class=\"elementor-element elementor-element-0ae356b elementor-widget elementor-widget-spacer\" data-id=\"0ae356b\" data-element_type=\"widget\" data-widget_type=\"spacer.default\">\n\t\t\t\t<div class=\"elementor-widget-container\">\n\t\t\t\t\t\t\t<div class=\"elementor-spacer\">\n\t\t\t<div class=\"elementor-spacer-inner\"><\/div>\n\t\t<\/div>\n\t\t\t\t\t\t<\/div>\n\t\t\t\t<\/div>\n\t\t\t\t<div class=\"elementor-element elementor-element-8bef042 elementor-widget elementor-widget-image\" data-id=\"8bef042\" data-element_type=\"widget\" data-settings=\"{&quot;motion_fx_motion_fx_scrolling&quot;:&quot;yes&quot;,&quot;motion_fx_translateY_effect&quot;:&quot;yes&quot;,&quot;motion_fx_translateY_speed&quot;:{&quot;unit&quot;:&quot;px&quot;,&quot;size&quot;:2,&quot;sizes&quot;:[]},&quot;_animation&quot;:&quot;none&quot;,&quot;motion_fx_devices&quot;:[&quot;desktop&quot;,&quot;tablet&quot;],&quot;motion_fx_translateY_affectedRange&quot;:{&quot;unit&quot;:&quot;%&quot;,&quot;size&quot;:&quot;&quot;,&quot;sizes&quot;:{&quot;start&quot;:0,&quot;end&quot;:100}}}\" data-widget_type=\"image.default\">\n\t\t\t\t<div class=\"elementor-widget-container\">\n\t\t\t\t\t\t\t\t\t\t\t\t<figure class=\"wp-caption\">\n\t\t\t\t\t\t\t\t\t\t\t<a href=\"https:\/\/i0.wp.com\/www.cafemundoexpo.com.br\/wp-content\/uploads\/2019\/07\/image010.jpg?ssl=1\" data-elementor-open-lightbox=\"yes\" data-elementor-lightbox-title=\"Jorge Panchoaga\" data-e-action-hash=\"#elementor-action%3Aaction%3Dlightbox%26settings%3DeyJpZCI6NzExLCJ1cmwiOiJodHRwczpcL1wvd3d3LmNhZmVtdW5kb2V4cG8uY29tLmJyXC93cC1jb250ZW50XC91cGxvYWRzXC8yMDE5XC8wN1wvaW1hZ2UwMTAuanBnIn0%3D\">\n\t\t\t\t\t\t\t<img decoding=\"async\" width=\"1907\" height=\"1272\" src=\"https:\/\/i0.wp.com\/www.cafemundoexpo.com.br\/wp-content\/uploads\/2019\/07\/image010.jpg?fit=1907%2C1272&amp;ssl=1\" class=\"attachment-full size-full wp-image-711\" alt=\"\" srcset=\"https:\/\/i0.wp.com\/www.cafemundoexpo.com.br\/wp-content\/uploads\/2019\/07\/image010.jpg?w=1907&amp;ssl=1 1907w, https:\/\/i0.wp.com\/www.cafemundoexpo.com.br\/wp-content\/uploads\/2019\/07\/image010.jpg?resize=1536%2C1025&amp;ssl=1 1536w\" sizes=\"(max-width: 1600px) 100vw, 1600px\" \/>\t\t\t\t\t\t\t\t<\/a>\n\t\t\t\t\t\t\t\t\t\t\t<figcaption class=\"widget-image-caption wp-caption-text\">Jorge Panchoaga<\/figcaption>\n\t\t\t\t\t\t\t\t\t\t<\/figure>\n\t\t\t\t\t\t\t\t\t<\/div>\n\t\t\t\t<\/div>\n\t\t\t\t<div class=\"elementor-element elementor-element-a85b410 elementor-widget elementor-widget-spacer\" data-id=\"a85b410\" data-element_type=\"widget\" data-widget_type=\"spacer.default\">\n\t\t\t\t<div class=\"elementor-widget-container\">\n\t\t\t\t\t\t\t<div class=\"elementor-spacer\">\n\t\t\t<div class=\"elementor-spacer-inner\"><\/div>\n\t\t<\/div>\n\t\t\t\t\t\t<\/div>\n\t\t\t\t<\/div>\n\t\t\t\t<div class=\"elementor-element elementor-element-b21be5a elementor-widget elementor-widget-image\" data-id=\"b21be5a\" data-element_type=\"widget\" data-settings=\"{&quot;motion_fx_motion_fx_scrolling&quot;:&quot;yes&quot;,&quot;motion_fx_translateY_effect&quot;:&quot;yes&quot;,&quot;motion_fx_translateY_speed&quot;:{&quot;unit&quot;:&quot;px&quot;,&quot;size&quot;:2,&quot;sizes&quot;:[]},&quot;_animation&quot;:&quot;none&quot;,&quot;motion_fx_devices&quot;:[&quot;desktop&quot;,&quot;tablet&quot;],&quot;motion_fx_translateY_affectedRange&quot;:{&quot;unit&quot;:&quot;%&quot;,&quot;size&quot;:&quot;&quot;,&quot;sizes&quot;:{&quot;start&quot;:0,&quot;end&quot;:100}}}\" data-widget_type=\"image.default\">\n\t\t\t\t<div class=\"elementor-widget-container\">\n\t\t\t\t\t\t\t\t\t\t\t\t<figure class=\"wp-caption\">\n\t\t\t\t\t\t\t\t\t\t\t<a href=\"https:\/\/i0.wp.com\/www.cafemundoexpo.com.br\/wp-content\/uploads\/2020\/05\/Viagem-Pitoresca-ao-Boulevard-Cor-de-Caf%C3%A9_Katia_Fiera_5-scaled.jpg?ssl=1\" data-elementor-open-lightbox=\"yes\" data-elementor-lightbox-title=\"Viagem Pitoresca ao Boulevard Cor de Caf\u00e9_Katia_Fiera_5\" data-e-action-hash=\"#elementor-action%3Aaction%3Dlightbox%26settings%3DeyJpZCI6MzUyLCJ1cmwiOiJodHRwczpcL1wvd3d3LmNhZmVtdW5kb2V4cG8uY29tLmJyXC93cC1jb250ZW50XC91cGxvYWRzXC8yMDIwXC8wNVwvVmlhZ2VtLVBpdG9yZXNjYS1hby1Cb3VsZXZhcmQtQ29yLWRlLUNhZlx1MDBlOV9LYXRpYV9GaWVyYV81LXNjYWxlZC5qcGcifQ%3D%3D\">\n\t\t\t\t\t\t\t<img decoding=\"async\" width=\"1920\" height=\"1150\" src=\"https:\/\/i0.wp.com\/www.cafemundoexpo.com.br\/wp-content\/uploads\/2020\/05\/Viagem-Pitoresca-ao-Boulevard-Cor-de-Caf%C3%A9_Katia_Fiera_5-scaled.jpg?fit=1920%2C1150&amp;ssl=1\" class=\"attachment-full size-full wp-image-352\" alt=\"\" \/>\t\t\t\t\t\t\t\t<\/a>\n\t\t\t\t\t\t\t\t\t\t\t<figcaption class=\"widget-image-caption wp-caption-text\">\u00a9 Katia Fiera<\/figcaption>\n\t\t\t\t\t\t\t\t\t\t<\/figure>\n\t\t\t\t\t\t\t\t\t<\/div>\n\t\t\t\t<\/div>\n\t\t\t\t<div class=\"elementor-element elementor-element-6ca1681 elementor-widget elementor-widget-spacer\" data-id=\"6ca1681\" data-element_type=\"widget\" data-widget_type=\"spacer.default\">\n\t\t\t\t<div class=\"elementor-widget-container\">\n\t\t\t\t\t\t\t<div class=\"elementor-spacer\">\n\t\t\t<div class=\"elementor-spacer-inner\"><\/div>\n\t\t<\/div>\n\t\t\t\t\t\t<\/div>\n\t\t\t\t<\/div>\n\t\t\t\t<div class=\"elementor-element elementor-element-202b5e9 elementor-widget elementor-widget-image\" data-id=\"202b5e9\" data-element_type=\"widget\" data-settings=\"{&quot;motion_fx_motion_fx_scrolling&quot;:&quot;yes&quot;,&quot;motion_fx_translateY_effect&quot;:&quot;yes&quot;,&quot;motion_fx_translateY_speed&quot;:{&quot;unit&quot;:&quot;px&quot;,&quot;size&quot;:2,&quot;sizes&quot;:[]},&quot;_animation&quot;:&quot;none&quot;,&quot;motion_fx_devices&quot;:[&quot;desktop&quot;,&quot;tablet&quot;],&quot;motion_fx_translateY_affectedRange&quot;:{&quot;unit&quot;:&quot;%&quot;,&quot;size&quot;:&quot;&quot;,&quot;sizes&quot;:{&quot;start&quot;:0,&quot;end&quot;:100}}}\" data-widget_type=\"image.default\">\n\t\t\t\t<div class=\"elementor-widget-container\">\n\t\t\t\t\t\t\t\t\t\t\t\t<figure class=\"wp-caption\">\n\t\t\t\t\t\t\t\t\t\t\t<a href=\"https:\/\/i0.wp.com\/www.cafemundoexpo.com.br\/wp-content\/uploads\/2020\/06\/Aldir-Mendes-de-Souza_Cafezal1.jpg?ssl=1\" data-elementor-open-lightbox=\"yes\" data-elementor-lightbox-title=\"Aldir Mendes de Souza | Cafezal #1, 1970 | \u00f3leo sobre tela | 151 x 201,5 x 4 cm | Acervo FAAP | Acervo FAAP\" data-e-action-hash=\"#elementor-action%3Aaction%3Dlightbox%26settings%3DeyJpZCI6NjE3LCJ1cmwiOiJodHRwczpcL1wvd3d3LmNhZmVtdW5kb2V4cG8uY29tLmJyXC93cC1jb250ZW50XC91cGxvYWRzXC8yMDIwXC8wNlwvQWxkaXItTWVuZGVzLWRlLVNvdXphX0NhZmV6YWwxLmpwZyJ9\">\n\t\t\t\t\t\t\t<img loading=\"lazy\" decoding=\"async\" width=\"1024\" height=\"768\" src=\"https:\/\/i0.wp.com\/www.cafemundoexpo.com.br\/wp-content\/uploads\/2020\/06\/Aldir-Mendes-de-Souza_Cafezal1.jpg?fit=1024%2C768&amp;ssl=1\" class=\"attachment-full size-full wp-image-617\" alt=\"\" \/>\t\t\t\t\t\t\t\t<\/a>\n\t\t\t\t\t\t\t\t\t\t\t<figcaption class=\"widget-image-caption wp-caption-text\">Aldir Mendes de Souza<\/figcaption>\n\t\t\t\t\t\t\t\t\t\t<\/figure>\n\t\t\t\t\t\t\t\t\t<\/div>\n\t\t\t\t<\/div>\n\t\t\t\t\t<\/div>\n\t\t<\/div>\n\t\t\t\t\t<\/div>\n\t\t<\/section>\n\t\t\t\t<\/div>\n\t\t","protected":false},"excerpt":{"rendered":"<p>Curadoria Texto curatorial Mar\u00edlia Bonas e Pedro Nery 7,7 bilh\u00f5es de habitantes. Mais de 190 pa\u00edses. In\u00fameras culturas e formas de viver. O mundo \u00e9 vasto, mas uma grande parte dele compartilha um mesmo ritual di\u00e1rio, que se repete de diversas maneiras: beber caf\u00e9. Num planeta t\u00e3o diverso, o caf\u00e9 \u00e9 uma bebida global. Patrim\u00f4nio [&hellip;]<\/p>\n","protected":false},"author":1,"featured_media":680,"parent":0,"menu_order":1,"comment_status":"closed","ping_status":"closed","template":"","meta":{"_monsterinsights_skip_tracking":false,"_monsterinsights_sitenote_active":false,"_monsterinsights_sitenote_note":"","_monsterinsights_sitenote_category":0,"footnotes":""},"class_list":["post-430","page","type-page","status-publish","has-post-thumbnail","hentry"],"jetpack_sharing_enabled":true,"_links":{"self":[{"href":"https:\/\/www.cafemundoexpo.com.br\/en\/wp-json\/wp\/v2\/pages\/430","targetHints":{"allow":["GET"]}}],"collection":[{"href":"https:\/\/www.cafemundoexpo.com.br\/en\/wp-json\/wp\/v2\/pages"}],"about":[{"href":"https:\/\/www.cafemundoexpo.com.br\/en\/wp-json\/wp\/v2\/types\/page"}],"author":[{"embeddable":true,"href":"https:\/\/www.cafemundoexpo.com.br\/en\/wp-json\/wp\/v2\/users\/1"}],"replies":[{"embeddable":true,"href":"https:\/\/www.cafemundoexpo.com.br\/en\/wp-json\/wp\/v2\/comments?post=430"}],"version-history":[{"count":10,"href":"https:\/\/www.cafemundoexpo.com.br\/en\/wp-json\/wp\/v2\/pages\/430\/revisions"}],"predecessor-version":[{"id":1684,"href":"https:\/\/www.cafemundoexpo.com.br\/en\/wp-json\/wp\/v2\/pages\/430\/revisions\/1684"}],"wp:featuredmedia":[{"embeddable":true,"href":"https:\/\/www.cafemundoexpo.com.br\/en\/wp-json\/wp\/v2\/media\/680"}],"wp:attachment":[{"href":"https:\/\/www.cafemundoexpo.com.br\/en\/wp-json\/wp\/v2\/media?parent=430"}],"curies":[{"name":"wp","href":"https:\/\/api.w.org\/{rel}","templated":true}]}}