{"id":745,"date":"2020-06-10T09:24:04","date_gmt":"2020-06-10T12:24:04","guid":{"rendered":"https:\/\/www.cafemundoexpo.com.br\/?page_id=745"},"modified":"2021-07-15T13:48:45","modified_gmt":"2021-07-15T16:48:45","slug":"educativo","status":"publish","type":"page","link":"https:\/\/www.cafemundoexpo.com.br\/en\/educativo\/","title":{"rendered":"Educativo"},"content":{"rendered":"\t\t<div data-elementor-type=\"wp-page\" data-elementor-id=\"745\" class=\"elementor elementor-745\" data-elementor-settings=\"{&quot;ha_cmc_init_switcher&quot;:&quot;no&quot;}\" data-elementor-post-type=\"page\">\n\t\t\t\t\t\t<section class=\"elementor-section elementor-top-section elementor-element elementor-element-3405f84 elementor-section-items-bottom elementor-section-full_width elementor-section-height-min-height elementor-section-stretched elementor-section-height-default\" data-id=\"3405f84\" data-element_type=\"section\" data-settings=\"{&quot;background_motion_fx_motion_fx_scrolling&quot;:&quot;yes&quot;,&quot;stretch_section&quot;:&quot;section-stretched&quot;,&quot;background_background&quot;:&quot;classic&quot;,&quot;background_motion_fx_translateY_effect&quot;:&quot;yes&quot;,&quot;background_motion_fx_translateY_speed&quot;:{&quot;unit&quot;:&quot;px&quot;,&quot;size&quot;:4,&quot;sizes&quot;:[]},&quot;background_motion_fx_translateY_affectedRange&quot;:{&quot;unit&quot;:&quot;%&quot;,&quot;size&quot;:&quot;&quot;,&quot;sizes&quot;:{&quot;start&quot;:0,&quot;end&quot;:100}},&quot;background_motion_fx_devices&quot;:[&quot;desktop&quot;,&quot;tablet&quot;,&quot;mobile&quot;],&quot;_ha_eqh_enable&quot;:false}\">\n\t\t\t\t\t\t\t<div class=\"elementor-background-overlay\"><\/div>\n\t\t\t\t\t\t\t<div class=\"elementor-container elementor-column-gap-wider\">\n\t\t\t\t\t<div class=\"elementor-column elementor-col-100 elementor-top-column elementor-element elementor-element-7bc8f36\" data-id=\"7bc8f36\" data-element_type=\"column\">\n\t\t\t<div class=\"elementor-widget-wrap elementor-element-populated\">\n\t\t\t\t\t\t<div class=\"elementor-element elementor-element-f086f97 elementor-widget elementor-widget-heading\" data-id=\"f086f97\" data-element_type=\"widget\" data-settings=\"{&quot;motion_fx_motion_fx_scrolling&quot;:&quot;yes&quot;,&quot;motion_fx_opacity_effect&quot;:&quot;yes&quot;,&quot;motion_fx_opacity_direction&quot;:&quot;in-out&quot;,&quot;motion_fx_opacity_range&quot;:{&quot;unit&quot;:&quot;%&quot;,&quot;size&quot;:&quot;&quot;,&quot;sizes&quot;:{&quot;start&quot;:36,&quot;end&quot;:72}},&quot;motion_fx_devices&quot;:[&quot;desktop&quot;],&quot;motion_fx_opacity_level&quot;:{&quot;unit&quot;:&quot;px&quot;,&quot;size&quot;:10,&quot;sizes&quot;:[]}}\" data-widget_type=\"heading.default\">\n\t\t\t\t<div class=\"elementor-widget-container\">\n\t\t\t\t\t<h2 class=\"elementor-heading-title elementor-size-default\">Educativo<\/h2>\t\t\t\t<\/div>\n\t\t\t\t<\/div>\n\t\t\t\t\t<\/div>\n\t\t<\/div>\n\t\t\t\t\t<\/div>\n\t\t<\/section>\n\t\t\t\t<section class=\"elementor-section elementor-top-section elementor-element elementor-element-2f798379 elementor-section-full_width elementor-section-stretched elementor-section-height-default elementor-section-height-default\" data-id=\"2f798379\" data-element_type=\"section\" data-settings=\"{&quot;stretch_section&quot;:&quot;section-stretched&quot;,&quot;background_background&quot;:&quot;classic&quot;,&quot;_ha_eqh_enable&quot;:false}\">\n\t\t\t\t\t\t<div class=\"elementor-container elementor-column-gap-no\">\n\t\t\t\t\t<div class=\"elementor-column elementor-col-25 elementor-top-column elementor-element elementor-element-1c2073f1\" data-id=\"1c2073f1\" data-element_type=\"column\">\n\t\t\t<div class=\"elementor-widget-wrap\">\n\t\t\t\t\t\t\t<\/div>\n\t\t<\/div>\n\t\t\t\t<div class=\"elementor-column elementor-col-50 elementor-top-column elementor-element elementor-element-7ed435a9\" data-id=\"7ed435a9\" data-element_type=\"column\">\n\t\t\t<div class=\"elementor-widget-wrap elementor-element-populated\">\n\t\t\t\t\t\t<div class=\"elementor-element elementor-element-3cd3e272 elementor-drop-cap-yes elementor-drop-cap-view-default elementor-widget elementor-widget-text-editor\" data-id=\"3cd3e272\" data-element_type=\"widget\" data-settings=\"{&quot;drop_cap&quot;:&quot;yes&quot;}\" data-widget_type=\"text-editor.default\">\n\t\t\t\t<div class=\"elementor-widget-container\">\n\t\t\t\t\t\t\t\t\t<p>O <strong>Educativo MAB<\/strong> \u00e9 respons\u00e1vel por receber e acolher os visitantes do museu, sejam alunos de uma escola em visita extracurricular, professores que v\u00eam ao museu em busca de forma\u00e7\u00e3o para trabalhar com seus alunos, artistas e intelectuais procurando conhecimento e um espa\u00e7o de discuss\u00e3o, ou simplesmente pessoas em um momento de lazer e entretenimento. Desse modo, podemos pensar que, para al\u00e9m de receber esse p\u00fablico, tamb\u00e9m estamos dispon\u00edveis para o di\u00e1logo e para trocas a respeito das experi\u00eancias que vivenciamos e podem ocorrer dentro do museu.<\/p><p>Acreditamos que o educador faz parte de uma tr\u00edade que promove o di\u00e1logo juntamente com a obra e o visitante, alimentando uma constante troca de saberes e experi\u00eancias. Muito embora tamb\u00e9m estejamos prontos para uma breve troca de informa\u00e7\u00f5es ou uma visita educativa, de acordo com o interesse do visitante que vem ao museu.<\/p><p>E assim, como projetos educativos, desenvolvemos programa\u00e7\u00f5es como Conversas no MAB, onde convidamos artistas, curadores, pesquisadores, professores etc. a fim de realizar um bate papo mais direto com o p\u00fablico em geral, e tamb\u00e9m parcerias com EMEIs vizinhas do museu e as forma\u00e7\u00f5es de professores junto \u00e0 SME.<\/p><p><strong>Orienta\u00e7\u00e3o sobre o funcionamento:<\/strong><br \/>Para visitar a exposi\u00e7\u00e3o, o p\u00fablico dever\u00e1 realizar o agendamento pelo link\u00a0<a href=\"https:\/\/visitante.agendamento.faap.br\/\" target=\"_blank\" rel=\"noopener\">https:\/\/visitante.agendamento.faap.br\/<\/a><\/p><p>Agendamentos de grupos est\u00e3o suspensos por conta dos protocolos de seguran\u00e7a devido \u00e0 Covid-19.\u00a0<\/p><p>Propostas de oficinas e atividades ser\u00e3o divulgadas pelas redes sociais do <a href=\"https:\/\/www.instagram.com\/mabfaap\/\" target=\"_blank\" rel=\"noopener\">@mabfaap<\/a> e <a href=\"https:\/\/www.instagram.com\/cafemundoexpo\/\" target=\"_blank\" rel=\"noopener\">@cafemundoexpo<\/a><\/p>\t\t\t\t\t\t\t\t<\/div>\n\t\t\t\t<\/div>\n\t\t\t\t\t<\/div>\n\t\t<\/div>\n\t\t\t\t<div class=\"elementor-column elementor-col-25 elementor-top-column elementor-element elementor-element-418db5e8 elementor-hidden-tablet elementor-hidden-phone\" data-id=\"418db5e8\" data-element_type=\"column\">\n\t\t\t<div class=\"elementor-widget-wrap\">\n\t\t\t\t\t\t\t<\/div>\n\t\t<\/div>\n\t\t\t\t\t<\/div>\n\t\t<\/section>\n\t\t\t\t<\/div>\n\t\t","protected":false},"excerpt":{"rendered":"<p>Educativo Educativo O Educativo MAB \u00e9 respons\u00e1vel por receber e acolher os visitantes do museu, sejam alunos de uma escola em visita extracurricular, professores que v\u00eam ao museu em busca de forma\u00e7\u00e3o para trabalhar com seus alunos, artistas e intelectuais procurando conhecimento e um espa\u00e7o de discuss\u00e3o, ou simplesmente pessoas em um momento de lazer [&hellip;]<\/p>\n","protected":false},"author":1,"featured_media":0,"parent":0,"menu_order":4,"comment_status":"closed","ping_status":"closed","template":"","meta":{"_monsterinsights_skip_tracking":false,"_monsterinsights_sitenote_active":false,"_monsterinsights_sitenote_note":"","_monsterinsights_sitenote_category":0,"footnotes":""},"class_list":["post-745","page","type-page","status-publish","hentry"],"jetpack_sharing_enabled":true,"_links":{"self":[{"href":"https:\/\/www.cafemundoexpo.com.br\/en\/wp-json\/wp\/v2\/pages\/745","targetHints":{"allow":["GET"]}}],"collection":[{"href":"https:\/\/www.cafemundoexpo.com.br\/en\/wp-json\/wp\/v2\/pages"}],"about":[{"href":"https:\/\/www.cafemundoexpo.com.br\/en\/wp-json\/wp\/v2\/types\/page"}],"author":[{"embeddable":true,"href":"https:\/\/www.cafemundoexpo.com.br\/en\/wp-json\/wp\/v2\/users\/1"}],"replies":[{"embeddable":true,"href":"https:\/\/www.cafemundoexpo.com.br\/en\/wp-json\/wp\/v2\/comments?post=745"}],"version-history":[{"count":10,"href":"https:\/\/www.cafemundoexpo.com.br\/en\/wp-json\/wp\/v2\/pages\/745\/revisions"}],"predecessor-version":[{"id":1707,"href":"https:\/\/www.cafemundoexpo.com.br\/en\/wp-json\/wp\/v2\/pages\/745\/revisions\/1707"}],"wp:attachment":[{"href":"https:\/\/www.cafemundoexpo.com.br\/en\/wp-json\/wp\/v2\/media?parent=745"}],"curies":[{"name":"wp","href":"https:\/\/api.w.org\/{rel}","templated":true}]}}