{"id":758,"date":"2020-06-10T09:50:30","date_gmt":"2020-06-10T12:50:30","guid":{"rendered":"https:\/\/www.cafemundoexpo.com.br\/?page_id=758"},"modified":"2021-09-24T09:09:22","modified_gmt":"2021-09-24T12:09:22","slug":"radio-e-tv-faap","status":"publish","type":"page","link":"https:\/\/www.cafemundoexpo.com.br\/en\/radio-e-tv-faap\/","title":{"rendered":"Radio and TV FAAP"},"content":{"rendered":"\t\t<div data-elementor-type=\"wp-page\" data-elementor-id=\"758\" class=\"elementor elementor-758\" data-elementor-settings=\"{&quot;ha_cmc_init_switcher&quot;:&quot;no&quot;}\" data-elementor-post-type=\"page\">\n\t\t\t\t\t\t<section class=\"elementor-section elementor-top-section elementor-element elementor-element-f61fb57 elementor-section-items-bottom elementor-section-full_width elementor-section-height-min-height elementor-section-stretched elementor-section-height-default\" data-id=\"f61fb57\" data-element_type=\"section\" data-settings=\"{&quot;background_motion_fx_motion_fx_scrolling&quot;:&quot;yes&quot;,&quot;stretch_section&quot;:&quot;section-stretched&quot;,&quot;background_background&quot;:&quot;classic&quot;,&quot;background_motion_fx_translateY_effect&quot;:&quot;yes&quot;,&quot;background_motion_fx_translateY_speed&quot;:{&quot;unit&quot;:&quot;px&quot;,&quot;size&quot;:4,&quot;sizes&quot;:[]},&quot;background_motion_fx_translateY_affectedRange&quot;:{&quot;unit&quot;:&quot;%&quot;,&quot;size&quot;:&quot;&quot;,&quot;sizes&quot;:{&quot;start&quot;:0,&quot;end&quot;:100}},&quot;background_motion_fx_devices&quot;:[&quot;desktop&quot;,&quot;tablet&quot;,&quot;mobile&quot;],&quot;_ha_eqh_enable&quot;:false}\">\n\t\t\t\t\t\t\t<div class=\"elementor-background-overlay\"><\/div>\n\t\t\t\t\t\t\t<div class=\"elementor-container elementor-column-gap-wider\">\n\t\t\t\t\t<div class=\"elementor-column elementor-col-100 elementor-top-column elementor-element elementor-element-212e888\" data-id=\"212e888\" data-element_type=\"column\">\n\t\t\t<div class=\"elementor-widget-wrap elementor-element-populated\">\n\t\t\t\t\t\t<div class=\"elementor-element elementor-element-b45cfcc elementor-widget elementor-widget-heading\" data-id=\"b45cfcc\" data-element_type=\"widget\" data-settings=\"{&quot;motion_fx_motion_fx_scrolling&quot;:&quot;yes&quot;,&quot;motion_fx_opacity_effect&quot;:&quot;yes&quot;,&quot;motion_fx_opacity_direction&quot;:&quot;in-out&quot;,&quot;motion_fx_opacity_range&quot;:{&quot;unit&quot;:&quot;%&quot;,&quot;size&quot;:&quot;&quot;,&quot;sizes&quot;:{&quot;start&quot;:57,&quot;end&quot;:79}},&quot;motion_fx_devices&quot;:[&quot;desktop&quot;],&quot;motion_fx_opacity_level&quot;:{&quot;unit&quot;:&quot;px&quot;,&quot;size&quot;:10,&quot;sizes&quot;:[]}}\" data-widget_type=\"heading.default\">\n\t\t\t\t<div class=\"elementor-widget-container\">\n\t\t\t\t\t<h2 class=\"elementor-heading-title elementor-size-default\">R\u00e1dio e <br \/>TV FAAP<\/h2>\t\t\t\t<\/div>\n\t\t\t\t<\/div>\n\t\t\t\t<div class=\"elementor-element elementor-element-237ef88 elementor-widget elementor-widget-text-editor\" data-id=\"237ef88\" data-element_type=\"widget\" data-widget_type=\"text-editor.default\">\n\t\t\t\t<div class=\"elementor-widget-container\">\n\t\t\t\t\t\t\t\t\t<p>Foto: Fisheye<\/p>\t\t\t\t\t\t\t\t<\/div>\n\t\t\t\t<\/div>\n\t\t\t\t\t<\/div>\n\t\t<\/div>\n\t\t\t\t\t<\/div>\n\t\t<\/section>\n\t\t\t\t<section class=\"elementor-section elementor-top-section elementor-element elementor-element-6b637e1 elementor-section-full_width elementor-section-stretched elementor-section-height-default elementor-section-height-default\" data-id=\"6b637e1\" data-element_type=\"section\" data-settings=\"{&quot;stretch_section&quot;:&quot;section-stretched&quot;,&quot;background_background&quot;:&quot;classic&quot;,&quot;_ha_eqh_enable&quot;:false}\">\n\t\t\t\t\t\t<div class=\"elementor-container elementor-column-gap-no\">\n\t\t\t\t\t<div class=\"elementor-column elementor-col-25 elementor-top-column elementor-element elementor-element-f46bd4c\" data-id=\"f46bd4c\" data-element_type=\"column\">\n\t\t\t<div class=\"elementor-widget-wrap\">\n\t\t\t\t\t\t\t<\/div>\n\t\t<\/div>\n\t\t\t\t<div class=\"elementor-column elementor-col-50 elementor-top-column elementor-element elementor-element-4f47764\" data-id=\"4f47764\" data-element_type=\"column\">\n\t\t\t<div class=\"elementor-widget-wrap elementor-element-populated\">\n\t\t\t\t\t\t<div class=\"elementor-element elementor-element-3de16bd elementor-drop-cap-yes elementor-drop-cap-view-default elementor-widget elementor-widget-text-editor\" data-id=\"3de16bd\" data-element_type=\"widget\" data-settings=\"{&quot;drop_cap&quot;:&quot;yes&quot;}\" data-widget_type=\"text-editor.default\">\n\t\t\t\t<div class=\"elementor-widget-container\">\n\t\t\t\t\t\t\t\t\t<p>A <strong>R\u00e1dio FAAP<\/strong> foi inaugurada em mar\u00e7o de 2005 em fase de testes, e em setembro daquele ano, a emissora on-line passou a contar com uma programa\u00e7\u00e3o variada que est\u00e1 no ar <strong>24 horas por dia<\/strong> e \u00e9 produzida por sua pr\u00f3pria equipe.<\/p><p>A <strong>TV FAAP<\/strong> foi inaugurada em junho de 2005 e desde a sua cria\u00e7\u00e3o divulga as melhores produ\u00e7\u00f5es dos alunos da Institui\u00e7\u00e3o. Entre profissionais contratados, <strong>alunos<\/strong> e colaboradores, as emissoras corporativas somam em seus quadros mais de 20 pessoas, que trabalham para manter uma grade de programa\u00e7\u00e3o de 6 atra\u00e7\u00f5es, entre semanais, quinzenais, mensais e m\u00f3dulos.<\/p><p>A <strong>R\u00e1dio<\/strong> e a <strong>TV FAAP<\/strong> foram criadas para integrar alunos, professores e funcion\u00e1rios da Funda\u00e7\u00e3o Armando Alvares Penteado e t\u00eam ainda a miss\u00e3o de ser uma op\u00e7\u00e3o via internet em cultura, educa\u00e7\u00e3o e entretenimento. Sendo assim, as emissoras da Funda\u00e7\u00e3o s\u00f3 poderiam oferecer o conte\u00fado que s\u00f3 a FAAP oferece: programas variados, estruturados em m\u00fasica popular brasileira, m\u00fasica internacional, rock, jazz e blues, m\u00fasica independente, al\u00e9m do foco em cultura e atualidades em geral, com destaque para artes e espet\u00e1culos, cinema e literatura. As emissoras divulgam e promovem os acontecimentos da <strong>Funda\u00e7\u00e3o Armando Alvares Penteado<\/strong>, com transmiss\u00e3o de palestras, eventos, encontros e projetos experimentais de alunos.<\/p><p>A qualidade da <strong>R\u00e1dio FAAP<\/strong> tamb\u00e9m pode ser comprovada com as indica\u00e7\u00f5es que recebeu em sites internacionais de pa\u00edses como Fran\u00e7a, Pol\u00f4nia e Estados Unidos, que se referem \u00e0 emissora como <strong>\u201cop\u00e7\u00e3o em r\u00e1dio cultural e educativa do Brasil\u201d.<\/strong><\/p><p>A <strong>R\u00e1dio FAAP<\/strong> foi premiada em 2011 pela <strong>APCA<\/strong> (Associa\u00e7\u00e3o Paulista de Cr\u00edticos de Arte) na categoria melhor <strong>WEB R\u00c1DIO DO ANO<\/strong>.<\/p><p>Desde o in\u00edcio da pandemia do covid-19, as emissoras v\u00eam adaptando o seu <em>modus operandi<\/em> para o formato on-line, respeitando o distanciamento f\u00edsico e os protocolos do Minist\u00e9rio da Sa\u00fade.<\/p><p>A <strong>R\u00e1dio e TV Faap,<\/strong> em parceria com a equipe da exposi\u00e7\u00e3o <strong>Caf\u00e9 Mundo,<\/strong>\u00a0est\u00e3o preparando v\u00eddeos e podcasts com entrevistas e curiosidades que permeiam o universo dessa produ\u00e7\u00e3o. Dentre os assuntos, contaremos de forma muito especial a trajet\u00f3ria do caf\u00e9 enquanto patrim\u00f4nio ativo mundial, abordando quest\u00f5es sobre produ\u00e7\u00e3o, tecnologia, comportamento, hist\u00f3ria, consumo e novidades do mercado, al\u00e9m, \u00e9 claro, de toda sua relev\u00e2ncia como fonte de inspira\u00e7\u00e3o no mundo das artes. Assim, convidamos a todos os apaixonados por esse m\u00e1gico gr\u00e3o a mergulhar conosco nesse mundo \u00e0 parte. Vamos?!<\/p>\t\t\t\t\t\t\t\t<\/div>\n\t\t\t\t<\/div>\n\t\t\t\t\t<\/div>\n\t\t<\/div>\n\t\t\t\t<div class=\"elementor-column elementor-col-25 elementor-top-column elementor-element elementor-element-155b098 elementor-hidden-tablet elementor-hidden-phone\" data-id=\"155b098\" data-element_type=\"column\">\n\t\t\t<div class=\"elementor-widget-wrap elementor-element-populated\">\n\t\t\t\t\t\t<div class=\"elementor-element elementor-element-a212c12 elementor-align-justify elementor-widget elementor-widget-button\" data-id=\"a212c12\" data-element_type=\"widget\" data-widget_type=\"button.default\">\n\t\t\t\t<div class=\"elementor-widget-container\">\n\t\t\t\t\t\t\t\t\t<div class=\"elementor-button-wrapper\">\n\t\t\t\t\t<a class=\"elementor-button elementor-button-link elementor-size-md\" href=\"#episodios\">\n\t\t\t\t\t\t<span class=\"elementor-button-content-wrapper\">\n\t\t\t\t\t\t\t\t\t<span class=\"elementor-button-text\">LISTA DE EPIS\u00d3DIOS<\/span>\n\t\t\t\t\t<\/span>\n\t\t\t\t\t<\/a>\n\t\t\t\t<\/div>\n\t\t\t\t\t\t\t\t<\/div>\n\t\t\t\t<\/div>\n\t\t\t\t<div class=\"elementor-element elementor-element-8260874 elementor-align-justify elementor-widget elementor-widget-button\" data-id=\"8260874\" data-element_type=\"widget\" data-widget_type=\"button.default\">\n\t\t\t\t<div class=\"elementor-widget-container\">\n\t\t\t\t\t\t\t\t\t<div class=\"elementor-button-wrapper\">\n\t\t\t\t\t<a class=\"elementor-button elementor-button-link elementor-size-md\" href=\"https:\/\/open.spotify.com\/show\/4aL0o55jRR0HwIhFEVdnIu?si=Qoe0rXn0QwCtrobHk02Szg&#038;dl_branch=1\" target=\"_blank\">\n\t\t\t\t\t\t<span class=\"elementor-button-content-wrapper\">\n\t\t\t\t\t\t\t\t\t<span class=\"elementor-button-text\">OUVIR NO SPOTIFY<\/span>\n\t\t\t\t\t<\/span>\n\t\t\t\t\t<\/a>\n\t\t\t\t<\/div>\n\t\t\t\t\t\t\t\t<\/div>\n\t\t\t\t<\/div>\n\t\t\t\t<div class=\"elementor-element elementor-element-942e794 elementor-align-justify elementor-widget elementor-widget-button\" data-id=\"942e794\" data-element_type=\"widget\" data-widget_type=\"button.default\">\n\t\t\t\t<div class=\"elementor-widget-container\">\n\t\t\t\t\t\t\t\t\t<div class=\"elementor-button-wrapper\">\n\t\t\t\t\t<a class=\"elementor-button elementor-button-link elementor-size-md\" href=\"https:\/\/www.youtube.com\/playlist?list=PLk5TNIT-eMPotD_FEat1o6agaz9AxTTqu\" target=\"_blank\">\n\t\t\t\t\t\t<span class=\"elementor-button-content-wrapper\">\n\t\t\t\t\t\t\t\t\t<span class=\"elementor-button-text\">ASSISTIR NO YOUTUBE<\/span>\n\t\t\t\t\t<\/span>\n\t\t\t\t\t<\/a>\n\t\t\t\t<\/div>\n\t\t\t\t\t\t\t\t<\/div>\n\t\t\t\t<\/div>\n\t\t\t\t\t<\/div>\n\t\t<\/div>\n\t\t\t\t\t<\/div>\n\t\t<\/section>\n\t\t\t\t<section class=\"elementor-section elementor-top-section elementor-element elementor-element-dd3f145 elementor-section-full_width elementor-section-stretched elementor-section-height-default elementor-section-height-default\" data-id=\"dd3f145\" data-element_type=\"section\" data-settings=\"{&quot;stretch_section&quot;:&quot;section-stretched&quot;,&quot;background_background&quot;:&quot;classic&quot;,&quot;_ha_eqh_enable&quot;:false}\">\n\t\t\t\t\t\t<div class=\"elementor-container elementor-column-gap-no\">\n\t\t\t\t\t<div class=\"elementor-column elementor-col-25 elementor-top-column elementor-element elementor-element-33d6d6c\" data-id=\"33d6d6c\" data-element_type=\"column\">\n\t\t\t<div class=\"elementor-widget-wrap\">\n\t\t\t\t\t\t\t<\/div>\n\t\t<\/div>\n\t\t\t\t<div class=\"elementor-column elementor-col-50 elementor-top-column elementor-element elementor-element-b1cff05\" data-id=\"b1cff05\" data-element_type=\"column\">\n\t\t\t<div class=\"elementor-widget-wrap elementor-element-populated\">\n\t\t\t\t\t\t<div class=\"elementor-element elementor-element-8a57699 elementor-widget elementor-widget-video\" data-id=\"8a57699\" data-element_type=\"widget\" data-settings=\"{&quot;youtube_url&quot;:&quot;https:\\\/\\\/www.youtube.com\\\/watch?v=Nf9etSk0_SI&quot;,&quot;video_type&quot;:&quot;youtube&quot;,&quot;controls&quot;:&quot;yes&quot;}\" data-widget_type=\"video.default\">\n\t\t\t\t<div class=\"elementor-widget-container\">\n\t\t\t\t\t\t\t<div class=\"elementor-wrapper elementor-open-inline\">\n\t\t\t<div class=\"elementor-video\"><\/div>\t\t<\/div>\n\t\t\t\t\t\t<\/div>\n\t\t\t\t<\/div>\n\t\t\t\t<div class=\"elementor-element elementor-element-fe304ae elementor-widget elementor-widget-video\" data-id=\"fe304ae\" data-element_type=\"widget\" data-settings=\"{&quot;youtube_url&quot;:&quot;https:\\\/\\\/www.youtube.com\\\/watch?v=Od_6KWf-uvE&amp;t=4s&quot;,&quot;start&quot;:0,&quot;video_type&quot;:&quot;youtube&quot;,&quot;controls&quot;:&quot;yes&quot;}\" data-widget_type=\"video.default\">\n\t\t\t\t<div class=\"elementor-widget-container\">\n\t\t\t\t\t\t\t<div class=\"elementor-wrapper elementor-open-inline\">\n\t\t\t<div class=\"elementor-video\"><\/div>\t\t<\/div>\n\t\t\t\t\t\t<\/div>\n\t\t\t\t<\/div>\n\t\t\t\t<div class=\"elementor-element elementor-element-72dae47 elementor-widget elementor-widget-video\" data-id=\"72dae47\" data-element_type=\"widget\" data-settings=\"{&quot;youtube_url&quot;:&quot;https:\\\/\\\/www.youtube.com\\\/watch?v=ICMKMxXt87g&amp;feature=youtu.be&amp;ab_channel=R%C3%A1dioeTVFAAP&quot;,&quot;start&quot;:0,&quot;video_type&quot;:&quot;youtube&quot;,&quot;controls&quot;:&quot;yes&quot;}\" data-widget_type=\"video.default\">\n\t\t\t\t<div class=\"elementor-widget-container\">\n\t\t\t\t\t\t\t<div class=\"elementor-wrapper elementor-open-inline\">\n\t\t\t<div class=\"elementor-video\"><\/div>\t\t<\/div>\n\t\t\t\t\t\t<\/div>\n\t\t\t\t<\/div>\n\t\t\t\t<div class=\"elementor-element elementor-element-7ad27c3 elementor-widget elementor-widget-video\" data-id=\"7ad27c3\" data-element_type=\"widget\" data-settings=\"{&quot;youtube_url&quot;:&quot;https:\\\/\\\/www.youtube.com\\\/watch?v=1BK5D49JrHw&amp;ab_channel=R%C3%A1dioeTVFAAP&quot;,&quot;start&quot;:0,&quot;video_type&quot;:&quot;youtube&quot;,&quot;controls&quot;:&quot;yes&quot;}\" data-widget_type=\"video.default\">\n\t\t\t\t<div class=\"elementor-widget-container\">\n\t\t\t\t\t\t\t<div class=\"elementor-wrapper elementor-open-inline\">\n\t\t\t<div class=\"elementor-video\"><\/div>\t\t<\/div>\n\t\t\t\t\t\t<\/div>\n\t\t\t\t<\/div>\n\t\t\t\t<div class=\"elementor-element elementor-element-31ffc1c elementor-widget elementor-widget-video\" data-id=\"31ffc1c\" data-element_type=\"widget\" data-settings=\"{&quot;youtube_url&quot;:&quot;https:\\\/\\\/www.youtube.com\\\/watch?v=5WlcmOJZnng&amp;list=PLk5TNIT-eMPotD_FEat1o6agaz9AxTTqu&amp;index=5&quot;,&quot;start&quot;:0,&quot;video_type&quot;:&quot;youtube&quot;,&quot;controls&quot;:&quot;yes&quot;}\" data-widget_type=\"video.default\">\n\t\t\t\t<div class=\"elementor-widget-container\">\n\t\t\t\t\t\t\t<div class=\"elementor-wrapper elementor-open-inline\">\n\t\t\t<div class=\"elementor-video\"><\/div>\t\t<\/div>\n\t\t\t\t\t\t<\/div>\n\t\t\t\t<\/div>\n\t\t\t\t<div class=\"elementor-element elementor-element-725c58f elementor-widget elementor-widget-video\" data-id=\"725c58f\" data-element_type=\"widget\" data-settings=\"{&quot;youtube_url&quot;:&quot;https:\\\/\\\/www.youtube.com\\\/watch?v=sKo0IrcCxQs&amp;list=PLk5TNIT-eMPotD_FEat1o6agaz9AxTTqu&amp;index=4&quot;,&quot;start&quot;:0,&quot;video_type&quot;:&quot;youtube&quot;,&quot;controls&quot;:&quot;yes&quot;}\" data-widget_type=\"video.default\">\n\t\t\t\t<div class=\"elementor-widget-container\">\n\t\t\t\t\t\t\t<div class=\"elementor-wrapper elementor-open-inline\">\n\t\t\t<div class=\"elementor-video\"><\/div>\t\t<\/div>\n\t\t\t\t\t\t<\/div>\n\t\t\t\t<\/div>\n\t\t\t\t<div class=\"elementor-element elementor-element-d330c07 elementor-widget elementor-widget-video\" data-id=\"d330c07\" data-element_type=\"widget\" data-settings=\"{&quot;youtube_url&quot;:&quot;https:\\\/\\\/www.youtube.com\\\/watch?v=X4WSaX_RqUA&amp;list=PLk5TNIT-eMPotD_FEat1o6agaz9AxTTqu&amp;index=3&quot;,&quot;start&quot;:0,&quot;video_type&quot;:&quot;youtube&quot;,&quot;controls&quot;:&quot;yes&quot;}\" data-widget_type=\"video.default\">\n\t\t\t\t<div class=\"elementor-widget-container\">\n\t\t\t\t\t\t\t<div class=\"elementor-wrapper elementor-open-inline\">\n\t\t\t<div class=\"elementor-video\"><\/div>\t\t<\/div>\n\t\t\t\t\t\t<\/div>\n\t\t\t\t<\/div>\n\t\t\t\t<div class=\"elementor-element elementor-element-dae7c88 elementor-widget elementor-widget-video\" data-id=\"dae7c88\" data-element_type=\"widget\" data-settings=\"{&quot;youtube_url&quot;:&quot;https:\\\/\\\/www.youtube.com\\\/watch?v=CtX9XOXHAGw&amp;list=PLk5TNIT-eMPotD_FEat1o6agaz9AxTTqu&amp;index=2&amp;t=1s&quot;,&quot;start&quot;:0,&quot;video_type&quot;:&quot;youtube&quot;,&quot;controls&quot;:&quot;yes&quot;}\" data-widget_type=\"video.default\">\n\t\t\t\t<div class=\"elementor-widget-container\">\n\t\t\t\t\t\t\t<div class=\"elementor-wrapper elementor-open-inline\">\n\t\t\t<div class=\"elementor-video\"><\/div>\t\t<\/div>\n\t\t\t\t\t\t<\/div>\n\t\t\t\t<\/div>\n\t\t\t\t\t<\/div>\n\t\t<\/div>\n\t\t\t\t<div class=\"elementor-column elementor-col-25 elementor-top-column elementor-element elementor-element-c0886ad elementor-hidden-tablet elementor-hidden-phone\" data-id=\"c0886ad\" data-element_type=\"column\">\n\t\t\t<div class=\"elementor-widget-wrap\">\n\t\t\t\t\t\t\t<\/div>\n\t\t<\/div>\n\t\t\t\t\t<\/div>\n\t\t<\/section>\n\t\t\t\t<\/div>\n\t\t","protected":false},"excerpt":{"rendered":"<p>R\u00e1dio e TV FAAP Foto: Fisheye R\u00e1dio e TV FAAP A R\u00e1dio FAAP foi inaugurada em mar\u00e7o de 2005 em fase de testes, e em setembro daquele ano, a emissora on-line passou a contar com uma programa\u00e7\u00e3o variada que est\u00e1 no ar 24 horas por dia e \u00e9 produzida por sua pr\u00f3pria equipe. A TV [&hellip;]<\/p>\n","protected":false},"author":1,"featured_media":0,"parent":0,"menu_order":5,"comment_status":"closed","ping_status":"closed","template":"","meta":{"_monsterinsights_skip_tracking":false,"_monsterinsights_sitenote_active":false,"_monsterinsights_sitenote_note":"","_monsterinsights_sitenote_category":0,"footnotes":""},"class_list":["post-758","page","type-page","status-publish","hentry"],"jetpack_sharing_enabled":true,"_links":{"self":[{"href":"https:\/\/www.cafemundoexpo.com.br\/en\/wp-json\/wp\/v2\/pages\/758","targetHints":{"allow":["GET"]}}],"collection":[{"href":"https:\/\/www.cafemundoexpo.com.br\/en\/wp-json\/wp\/v2\/pages"}],"about":[{"href":"https:\/\/www.cafemundoexpo.com.br\/en\/wp-json\/wp\/v2\/types\/page"}],"author":[{"embeddable":true,"href":"https:\/\/www.cafemundoexpo.com.br\/en\/wp-json\/wp\/v2\/users\/1"}],"replies":[{"embeddable":true,"href":"https:\/\/www.cafemundoexpo.com.br\/en\/wp-json\/wp\/v2\/comments?post=758"}],"version-history":[{"count":10,"href":"https:\/\/www.cafemundoexpo.com.br\/en\/wp-json\/wp\/v2\/pages\/758\/revisions"}],"predecessor-version":[{"id":1952,"href":"https:\/\/www.cafemundoexpo.com.br\/en\/wp-json\/wp\/v2\/pages\/758\/revisions\/1952"}],"wp:attachment":[{"href":"https:\/\/www.cafemundoexpo.com.br\/en\/wp-json\/wp\/v2\/media?parent=758"}],"curies":[{"name":"wp","href":"https:\/\/api.w.org\/{rel}","templated":true}]}}