{"id":926,"date":"2020-06-17T10:59:17","date_gmt":"2020-06-17T13:59:17","guid":{"rendered":"https:\/\/www.cafemundoexpo.com.br\/?page_id=926"},"modified":"2021-07-21T13:21:45","modified_gmt":"2021-07-21T16:21:45","slug":"ficha-tecnica-e-parceiros","status":"publish","type":"page","link":"https:\/\/www.cafemundoexpo.com.br\/en\/ficha-tecnica-e-parceiros\/","title":{"rendered":"Credits and Partners"},"content":{"rendered":"\t\t<div data-elementor-type=\"wp-page\" data-elementor-id=\"926\" class=\"elementor elementor-926\" data-elementor-settings=\"{&quot;ha_cmc_init_switcher&quot;:&quot;no&quot;}\" data-elementor-post-type=\"page\">\n\t\t\t\t\t\t<section class=\"elementor-section elementor-top-section elementor-element elementor-element-73ac440f elementor-section-items-top elementor-section-full_width elementor-section-stretched elementor-section-height-min-height elementor-section-height-default\" data-id=\"73ac440f\" data-element_type=\"section\" data-settings=\"{&quot;background_motion_fx_motion_fx_scrolling&quot;:&quot;yes&quot;,&quot;stretch_section&quot;:&quot;section-stretched&quot;,&quot;background_background&quot;:&quot;classic&quot;,&quot;background_motion_fx_devices&quot;:[&quot;desktop&quot;,&quot;tablet&quot;,&quot;mobile&quot;],&quot;_ha_eqh_enable&quot;:false}\">\n\t\t\t\t\t\t\t<div class=\"elementor-background-overlay\"><\/div>\n\t\t\t\t\t\t\t<div class=\"elementor-container elementor-column-gap-no\">\n\t\t\t\t\t<div class=\"elementor-column elementor-col-100 elementor-top-column elementor-element elementor-element-629c7cd1\" data-id=\"629c7cd1\" data-element_type=\"column\">\n\t\t\t<div class=\"elementor-widget-wrap\">\n\t\t\t\t\t\t\t<\/div>\n\t\t<\/div>\n\t\t\t\t\t<\/div>\n\t\t<\/section>\n\t\t\t\t<section class=\"elementor-section elementor-top-section elementor-element elementor-element-2412173d elementor-section-full_width elementor-section-stretched elementor-section-height-default elementor-section-height-default\" data-id=\"2412173d\" data-element_type=\"section\" data-settings=\"{&quot;stretch_section&quot;:&quot;section-stretched&quot;,&quot;background_background&quot;:&quot;classic&quot;,&quot;_ha_eqh_enable&quot;:false}\">\n\t\t\t\t\t\t<div class=\"elementor-container elementor-column-gap-no\">\n\t\t\t\t\t<div class=\"elementor-column elementor-col-25 elementor-top-column elementor-element elementor-element-581a6890\" data-id=\"581a6890\" data-element_type=\"column\">\n\t\t\t<div class=\"elementor-widget-wrap\">\n\t\t\t\t\t\t\t<\/div>\n\t\t<\/div>\n\t\t\t\t<div class=\"elementor-column elementor-col-50 elementor-top-column elementor-element elementor-element-6d2cadab\" data-id=\"6d2cadab\" data-element_type=\"column\">\n\t\t\t<div class=\"elementor-widget-wrap elementor-element-populated\">\n\t\t\t\t\t\t<div class=\"elementor-element elementor-element-1fca8ad6 elementor-widget elementor-widget-text-editor\" data-id=\"1fca8ad6\" data-element_type=\"widget\" data-widget_type=\"text-editor.default\">\n\t\t\t\t<div class=\"elementor-widget-container\">\n\t\t\t\t\t\t\t\t\t<p><strong>EXPOSI\u00c7\u00c3O CAF\u00c9 MUNDO<\/strong><\/p><p>REALIZA\u00c7\u00c3O<br \/>Brahmi Cultural<\/p><p>COORDENA\u00c7\u00c3O GERAL<br \/>Tudo Cultural<\/p><p>PRODU\u00c7\u00c3O EXECUTIVA E DIRE\u00c7\u00c3O DE PRODU\u00c7\u00c3O<br \/>Frida Projetos Culturais<\/p><p>CURADORIA<br \/>Marilia Bonas e Pedro Nery<\/p><p>PROJETO EXPOGR\u00c1FICO E CENOGRAFIA<br \/>El\u00e1stica SP Cenografia<br \/>William Zarella Junior<br \/>Beatriz Christal<br \/>Alexandre Garcia Gon\u00e7alves Ferreira <br \/>Jos\u00e9 Guilherme Lobarinhas J\u00fanior<br \/>F\u00e1bio Martins<br \/>Adriano dos Santos Pires <br \/>Daniel Jos\u00e9 da Silva <br \/>Ezequiel Jos\u00e9 da Silva<br \/>Pedro Henrique Augusto Reis<\/p><p>PESQUISA<br \/>Leticia Ranzani<br \/>Thais Bellani<\/p><p>PRODU\u00c7\u00c3O<br \/>Lorena Valente Latorre<\/p><p>ASSISTENTE DE PRODU\u00c7\u00c3O<br \/>Fernando Brigadeiro <\/p><p>PRODU\u00c7\u00c3O DE OBJETOS<br \/>Joana Kaye Faro Leonzini<br \/>Milena Waileman<br \/>Daniela Youssef Taouil<br \/>Vanessa Balsalobre<\/p><p>ADERE\u00c7O E VITRINISMO<br \/>Cristina Decot<br \/>Silvia Helena Moraes<br \/>Marcos Bertoni<\/p><p>TAPE\u00c7ARIA<br \/>Alex Alves da Silvia<\/p><p>MOTORISTA \u2013 PRODU\u00c7\u00c3O DE OBJETO<br \/>Alceb\u00edades Mioa Uliani<br \/>Jo\u00e3o Batista Pereira Pardim<\/p><p>PROJETO DE ILUMINA\u00c7\u00c3O<br \/>Aldrey Hibbein<\/p><p>LOCA\u00c7\u00c3O DE EQUIPAMENTO DE LUZ E MONTAGEM<br \/>Santa Luz<\/p><p>DIRE\u00c7\u00c3O DE ARTE E CONTE\u00daDO:<br \/>Jos\u00e9 Sampaio<br \/>Dire\u00e7\u00e3o de Arte e roteiro:<br \/>Cassiano Reis<\/p><p>CONTE\u00daDOS DIGITAIS:<br \/>Studio Intro<br \/>(Jos\u00e9 Sampaio, Cassiano Reis, Dario Honsho)<\/p><p>TRILHA SONORA<br \/>Nego Mozambique<br \/>Master San<\/p><p>DIRE\u00c7\u00c3O DE FOTOGRAFIA:<br \/>Vin\u00edcius Col\u00e9<br \/>Produ\u00e7\u00e3o e C\u00e2mera:<br \/>L\u00e9o Virno<br \/>Produ\u00e7\u00e3o e Som direto:<br \/>Gustavo Magr\u00e3o<br \/>C\u00e2mera<br \/>Pl\u00ednio Funabe Higuti<\/p><p>LOCU\u00c7\u00d5ES<br \/>Bel Fontana<\/p><p>ATORES<br \/>Joana Ceccato e Rodrigo Carneiro<\/p><p>ILUSTRA\u00c7\u00d5ES<br \/>William Feitosa Nascimento, Cassiano Reis<\/p><p>CONTE\u00daDOS INTERATIVOS<br \/>Loud Noises<\/p><p>PRODU\u00c7\u00c3O DE CONTE\u00daDO AUDIOVISUAL<br \/>Karen Keppe<\/p><p>LOCA\u00c7\u00c3O DE EQUIPAMENTO DE PROJE\u00c7\u00c3O E SOM<br \/>Luzi Loca\u00e7\u00e3o de Equipamentos Audiovisuais<\/p><p>REGISTRO FOTO E V\u00cdDEO<br \/>Fisheye<\/p><p>IDENTIDADE VISUAL<br \/>Amanda Bellani e Felipe Takashi<\/p><p>IMPRESS\u00c3O FOTOGRAFIAS<br \/>Gicl\u00ea Fine Art Print<\/p><p>COMUNICA\u00c7\u00c3O VISUAL<br \/>Watervision<\/p><p>EDUCADORES<br \/>La\u00eds Miho Nakaharada<br \/>Nicolle Louise Latorre<br \/>Paula Ampessan<br \/>Paula Francine Garrefa<\/p><p>WEBSITE<br \/>Paulo Fehlauer<\/p><p>REVIS\u00c3O DE TEXTO<br \/>Tet\u00e9 Martinho<\/p><p>ASSESSORIA JUR\u00cdDICA<br \/>Conecta Cultural<\/p>\t\t\t\t\t\t\t\t<\/div>\n\t\t\t\t<\/div>\n\t\t\t\t<div class=\"elementor-element elementor-element-2d62142 elementor-widget-divider--view-line_icon elementor-view-default elementor-widget-divider--element-align-center elementor-widget elementor-widget-divider\" data-id=\"2d62142\" data-element_type=\"widget\" data-widget_type=\"divider.default\">\n\t\t\t\t<div class=\"elementor-widget-container\">\n\t\t\t\t\t\t\t<div class=\"elementor-divider\">\n\t\t\t<span class=\"elementor-divider-separator\">\n\t\t\t\t\t\t\t<div class=\"elementor-icon elementor-divider__element\">\n\t\t\t\t\t<svg xmlns=\"http:\/\/www.w3.org\/2000\/svg\" viewBox=\"0 0 140 155\"><title>Caipira-Preto<\/title><g id=\"Layer_2\" data-name=\"Layer 2\"><g id=\"PROPOSTA_1\" data-name=\"PROPOSTA 1\"><path d=\"M70,0C31.34,0,0,34.7,0,77.5S31.34,155,70,155s70-34.7,70-77.5S108.66,0,70,0Zm0,126L26.3,77.5,70,29l43.7,48.5Z\"><\/path><circle cx=\"70\" cy=\"77.5\" r=\"14\"><\/circle><\/g><\/g><\/svg><\/div>\n\t\t\t\t\t\t<\/span>\n\t\t<\/div>\n\t\t\t\t\t\t<\/div>\n\t\t\t\t<\/div>\n\t\t\t\t<div class=\"elementor-element elementor-element-b5d3e82 elementor-widget elementor-widget-text-editor\" data-id=\"b5d3e82\" data-element_type=\"widget\" data-widget_type=\"text-editor.default\">\n\t\t\t\t<div class=\"elementor-widget-container\">\n\t\t\t\t\t\t\t\t\t<p><strong>FUNDA\u00c7\u00c3O ARMANDO \u00c1LVARES PENTEADO<\/strong><\/p><p>CONSELHO DE CURADORES<\/p><p>PRESIDENTE<br \/>Sra. Celita Procopio de Carvalho<\/p><p>INTEGRANTES<br \/>Dr. Benjamin Augusto Baracchini Bueno<br \/>Dr. Oct\u00e1vio Pl\u00ednio Botelho do Amaral<br \/>Dr. Jos\u00e9 Antonio de Seixas Pereira Neto<br \/>Sra. Maria Christina Farah Nassif Fioravanti<\/p><p>DIRETORIA EXECUTIVA<\/p><p>DIRETOR-PRESIDENTE<br \/>Dr. Antonio Bias Bueno Guillon<\/p><p>ASSESSORIA DA DIRETORIA<\/p><p>ASSESSOR ADMINISTRATIVO E FINANCEIRO<br \/>Sr. Tomio Ogassavara<\/p><p>ASSESSOR DE ASSUNTOS ACAD\u00caMICOS<br \/>Prof. Rog\u00e9rio Massaro Suriani<\/p><p>FACULDADE ARMANDO \u00c1LVARES PENTEADO<\/p><p>DIRETOR<br \/>Embaixador Rubens Ricupero<\/p>\t\t\t\t\t\t\t\t<\/div>\n\t\t\t\t<\/div>\n\t\t\t\t<div class=\"elementor-element elementor-element-d124ba9 elementor-widget-divider--view-line_icon elementor-view-default elementor-widget-divider--element-align-center elementor-widget elementor-widget-divider\" data-id=\"d124ba9\" data-element_type=\"widget\" data-widget_type=\"divider.default\">\n\t\t\t\t<div class=\"elementor-widget-container\">\n\t\t\t\t\t\t\t<div class=\"elementor-divider\">\n\t\t\t<span class=\"elementor-divider-separator\">\n\t\t\t\t\t\t\t<div class=\"elementor-icon elementor-divider__element\">\n\t\t\t\t\t<svg xmlns=\"http:\/\/www.w3.org\/2000\/svg\" viewBox=\"0 0 140 155\"><title>Caipira-Preto<\/title><g id=\"Layer_2\" data-name=\"Layer 2\"><g id=\"PROPOSTA_1\" data-name=\"PROPOSTA 1\"><path d=\"M70,0C31.34,0,0,34.7,0,77.5S31.34,155,70,155s70-34.7,70-77.5S108.66,0,70,0Zm0,126L26.3,77.5,70,29l43.7,48.5Z\"><\/path><circle cx=\"70\" cy=\"77.5\" r=\"14\"><\/circle><\/g><\/g><\/svg><\/div>\n\t\t\t\t\t\t<\/span>\n\t\t<\/div>\n\t\t\t\t\t\t<\/div>\n\t\t\t\t<\/div>\n\t\t\t\t<div class=\"elementor-element elementor-element-be0a24f elementor-widget elementor-widget-text-editor\" data-id=\"be0a24f\" data-element_type=\"widget\" data-widget_type=\"text-editor.default\">\n\t\t\t\t<div class=\"elementor-widget-container\">\n\t\t\t\t\t\t\t\t\t<p><strong>MAB-FAAP<\/strong><\/p><p>DIRETORIA<br \/>Fernanda Celidonio &#8211; Diretora Administrativa<\/p><p>ACERVO<br \/>Laura Suzana Rodr\u00edguez<\/p><p>CONSERVA\u00c7\u00c3O<br \/>Maria Cristina Ribeiro dos Santos &#8211; Coordenadora<br \/>Ana Carolina Cunha Boaventura<\/p><p>ADMINISTRATIVO<br \/>Rita de C\u00e1ssia da Silva Ribeiro<\/p><p>PRODU\u00c7\u00c2O<br \/>Vanessa Ferreira Sousa<\/p><p>EDUCATIVO<br \/>Tatiana Bo &#8211; Coordenadora<br \/>Caroline Spagnol<br \/>Nat\u00e1lia Bergo Baco<\/p><p>EDUCADORES<br \/>Aline Maria Oleg\u00e1rio da Silva<br \/>Bruna Medeiros Passos<br \/>Paula Sayuri Shiobara Yida<br \/>Tiago da Paix\u00e3o Nunes<br \/>Rafael Conti<\/p><p>SECRETARIA<br \/>Rosa Guarino<\/p><p>MONTAGEM<br \/>F\u00e1bio Flor\u00eancio Borges<br \/>Leandro dos Santos Dias<\/p><p>\u00a0<\/p><p>COLABORADORES<\/p><p>Programa\u00e7\u00e3o visual <br \/>Marketing FAAP<\/p><p>Assessoria de imprensa<br \/>Tatiana Serafino e Obo\u00e9 Comunica\u00e7\u00e3o Corporativa<\/p><p>Seguran\u00e7a e limpeza<br \/>Impacto<\/p>\t\t\t\t\t\t\t\t<\/div>\n\t\t\t\t<\/div>\n\t\t\t\t<div class=\"elementor-element elementor-element-69aeb86 elementor-widget elementor-widget-spacer\" data-id=\"69aeb86\" data-element_type=\"widget\" data-widget_type=\"spacer.default\">\n\t\t\t\t<div class=\"elementor-widget-container\">\n\t\t\t\t\t\t\t<div class=\"elementor-spacer\">\n\t\t\t<div class=\"elementor-spacer-inner\"><\/div>\n\t\t<\/div>\n\t\t\t\t\t\t<\/div>\n\t\t\t\t<\/div>\n\t\t\t\t\t<\/div>\n\t\t<\/div>\n\t\t\t\t<div class=\"elementor-column elementor-col-25 elementor-top-column elementor-element elementor-element-6e8f1bdf elementor-hidden-tablet elementor-hidden-phone\" data-id=\"6e8f1bdf\" data-element_type=\"column\">\n\t\t\t<div class=\"elementor-widget-wrap\">\n\t\t\t\t\t\t\t<\/div>\n\t\t<\/div>\n\t\t\t\t\t<\/div>\n\t\t<\/section>\n\t\t\t\t<section class=\"elementor-section elementor-top-section elementor-element elementor-element-dcf1142 elementor-section-full_width elementor-section-stretched elementor-section-height-default elementor-section-height-default\" data-id=\"dcf1142\" data-element_type=\"section\" data-settings=\"{&quot;stretch_section&quot;:&quot;section-stretched&quot;,&quot;background_background&quot;:&quot;classic&quot;,&quot;_ha_eqh_enable&quot;:false}\">\n\t\t\t\t\t\t<div class=\"elementor-container elementor-column-gap-no\">\n\t\t\t\t\t<div class=\"elementor-column elementor-col-25 elementor-top-column elementor-element elementor-element-96279f5\" data-id=\"96279f5\" data-element_type=\"column\">\n\t\t\t<div class=\"elementor-widget-wrap\">\n\t\t\t\t\t\t\t<\/div>\n\t\t<\/div>\n\t\t\t\t<div class=\"elementor-column elementor-col-50 elementor-top-column elementor-element elementor-element-c92e478\" data-id=\"c92e478\" data-element_type=\"column\">\n\t\t\t<div class=\"elementor-widget-wrap elementor-element-populated\">\n\t\t\t\t\t\t<div class=\"elementor-element elementor-element-6b37cc0 ha-logo-grid--col-3 ha-logo-grid--col--tablet3 ha-logo-grid--box ha-logo-grid--col--mobile2 elementor-widget elementor-widget-ha-logo-grid happy-addon ha-logo-grid\" data-id=\"6b37cc0\" data-element_type=\"widget\" data-settings=\"{&quot;ha_floating_fx&quot;:&quot;yes&quot;}\" data-widget_type=\"ha-logo-grid.default\">\n\t\t\t\t<div class=\"elementor-widget-container\">\n\t\t\t\t\t\n        <div class=\"ha-logo-grid-wrapper\">\n                            <a class=\"ha-logo-grid-item ha-logo-grid-link\" href=\"https:\/\/italiancoffee.ind.br\/\" target=\"_blank\">\n                    <figure class=\"ha-logo-grid-figure\">\n                    <img data-recalc-dims=\"1\" decoding=\"async\" class=\"ha-logo-grid-img elementor-animation-grow\" src=\"https:\/\/i0.wp.com\/www.cafemundoexpo.com.br\/wp-content\/uploads\/2021\/04\/logosite.png?ssl=1\" alt=\"Italian Coffee\">                    <\/figure>\n                <\/a>\n                            <a class=\"ha-logo-grid-item ha-logo-grid-link\" href=\"http:\/\/www.mp.usp.br\/\" target=\"_blank\">\n                    <figure class=\"ha-logo-grid-figure\">\n                    <img data-recalc-dims=\"1\" decoding=\"async\" class=\"ha-logo-grid-img elementor-animation-grow\" src=\"https:\/\/i0.wp.com\/www.cafemundoexpo.com.br\/wp-content\/uploads\/2020\/06\/museupaulista.png?ssl=1\" alt=\"Museu Paulista\">                    <\/figure>\n                <\/a>\n                            <a class=\"ha-logo-grid-item ha-logo-grid-link\" href=\"http:\/\/faap.br\/museu\/\" target=\"_blank\">\n                    <figure class=\"ha-logo-grid-figure\">\n                    <img data-recalc-dims=\"1\" decoding=\"async\" class=\"ha-logo-grid-img elementor-animation-grow\" src=\"https:\/\/i0.wp.com\/www.cafemundoexpo.com.br\/wp-content\/uploads\/2021\/04\/brasao_fundacao__alinhado-1.png?ssl=1\" alt=\"FAAP\">                    <\/figure>\n                <\/a>\n                            <a class=\"ha-logo-grid-item ha-logo-grid-link\" href=\"http:\/\/www.tudocultural.com.br\/%20\" target=\"_blank\">\n                    <figure class=\"ha-logo-grid-figure\">\n                    <img data-recalc-dims=\"1\" decoding=\"async\" class=\"ha-logo-grid-img elementor-animation-grow\" src=\"https:\/\/i0.wp.com\/www.cafemundoexpo.com.br\/wp-content\/uploads\/2021\/04\/Ativo-1-1.png?ssl=1\" alt=\"Tudo Cultural\">                    <\/figure>\n                <\/a>\n                            <a class=\"ha-logo-grid-item ha-logo-grid-link\" href=\"https:\/\/frida.net.br\/\" target=\"_blank\">\n                    <figure class=\"ha-logo-grid-figure\">\n                    <img data-recalc-dims=\"1\" decoding=\"async\" class=\"ha-logo-grid-img elementor-animation-grow\" src=\"https:\/\/i0.wp.com\/www.cafemundoexpo.com.br\/wp-content\/uploads\/2021\/04\/frida200px.png?ssl=1\" alt=\"Frida\">                    <\/figure>\n                <\/a>\n                            <a class=\"ha-logo-grid-item ha-logo-grid-link\" href=\"http:\/\/www.studiointro.com.br\/\" target=\"_blank\">\n                    <figure class=\"ha-logo-grid-figure\">\n                    <img data-recalc-dims=\"1\" decoding=\"async\" class=\"ha-logo-grid-img elementor-animation-grow\" src=\"https:\/\/i0.wp.com\/www.cafemundoexpo.com.br\/wp-content\/uploads\/2021\/04\/Ativo-1.png?ssl=1\" alt=\"StudioIntro\">                    <\/figure>\n                <\/a>\n                            <div class=\"ha-logo-grid-item\">\n                    <figure class=\"ha-logo-grid-figure\">\n                    <img data-recalc-dims=\"1\" decoding=\"async\" class=\"ha-logo-grid-img elementor-animation-grow\" src=\"https:\/\/i0.wp.com\/www.cafemundoexpo.com.br\/wp-content\/uploads\/2021\/05\/logo_elastica_1%40500x.png?ssl=1\" alt=\"Elastica\">                    <\/figure>\n                <\/div>\n                            <a class=\"ha-logo-grid-item ha-logo-grid-link\" href=\"https:\/\/www.deezer.com\/br\/\" target=\"_blank\">\n                    <figure class=\"ha-logo-grid-figure\">\n                    <img data-recalc-dims=\"1\" decoding=\"async\" class=\"ha-logo-grid-img elementor-animation-grow\" src=\"https:\/\/i0.wp.com\/www.cafemundoexpo.com.br\/wp-content\/uploads\/2021\/06\/Mono_Full_Black%402x.png?ssl=1\" alt=\"Deezer\">                    <\/figure>\n                <\/a>\n                            <a class=\"ha-logo-grid-item ha-logo-grid-link\" href=\"http:\/\/www.douroantigo.com.br\/\" target=\"_blank\">\n                    <figure class=\"ha-logo-grid-figure\">\n                    <img data-recalc-dims=\"1\" decoding=\"async\" class=\"ha-logo-grid-img elementor-animation-grow\" src=\"https:\/\/i0.wp.com\/www.cafemundoexpo.com.br\/wp-content\/uploads\/2021\/07\/logo_douro.png?ssl=1\" alt=\"D&#039;Ouro Antigo\">                    <\/figure>\n                <\/a>\n                            <a class=\"ha-logo-grid-item ha-logo-grid-link\" href=\"https:\/\/www.premiumservicosmedicos.com.br\/\" target=\"_blank\">\n                    <figure class=\"ha-logo-grid-figure\">\n                    <img data-recalc-dims=\"1\" decoding=\"async\" class=\"ha-logo-grid-img elementor-animation-grow\" src=\"https:\/\/i0.wp.com\/www.cafemundoexpo.com.br\/wp-content\/uploads\/2021\/07\/LOGO-FINAL_PREMIUM-SERVICOS-MEDICOS.png?ssl=1\" alt=\"Premium Servi\u00e7os M\u00e9dicos\">                    <\/figure>\n                <\/a>\n                            <a class=\"ha-logo-grid-item ha-logo-grid-link\" href=\"https:\/\/www.fisheye.com.br\/\" target=\"_blank\">\n                    <figure class=\"ha-logo-grid-figure\">\n                    <img data-recalc-dims=\"1\" decoding=\"async\" class=\"ha-logo-grid-img elementor-animation-grow\" src=\"https:\/\/i0.wp.com\/www.cafemundoexpo.com.br\/wp-content\/uploads\/2021\/07\/LOGO_pretox.png?ssl=1\" alt=\"Fisheye\">                    <\/figure>\n                <\/a>\n                    <\/div>\n\n        \t\t\t\t<\/div>\n\t\t\t\t<\/div>\n\t\t\t\t\t<\/div>\n\t\t<\/div>\n\t\t\t\t<div class=\"elementor-column elementor-col-25 elementor-top-column elementor-element elementor-element-69e27ff elementor-hidden-tablet elementor-hidden-phone\" data-id=\"69e27ff\" data-element_type=\"column\">\n\t\t\t<div class=\"elementor-widget-wrap\">\n\t\t\t\t\t\t\t<\/div>\n\t\t<\/div>\n\t\t\t\t\t<\/div>\n\t\t<\/section>\n\t\t\t\t<\/div>\n\t\t","protected":false},"excerpt":{"rendered":"<p>Fichat\u00e9cnica EXPOSI\u00c7\u00c3O CAF\u00c9 MUNDO REALIZA\u00c7\u00c3OBrahmi Cultural COORDENA\u00c7\u00c3O GERALTudo Cultural PRODU\u00c7\u00c3O EXECUTIVA E DIRE\u00c7\u00c3O DE PRODU\u00c7\u00c3OFrida Projetos Culturais CURADORIAMarilia Bonas e Pedro Nery PROJETO EXPOGR\u00c1FICO E CENOGRAFIAEl\u00e1stica SP CenografiaWilliam Zarella JuniorBeatriz ChristalAlexandre Garcia Gon\u00e7alves Ferreira Jos\u00e9 Guilherme Lobarinhas J\u00faniorF\u00e1bio MartinsAdriano dos Santos Pires Daniel Jos\u00e9 da Silva Ezequiel Jos\u00e9 da SilvaPedro Henrique Augusto Reis PESQUISALeticia RanzaniThais [&hellip;]<\/p>\n","protected":false},"author":1,"featured_media":0,"parent":0,"menu_order":8,"comment_status":"closed","ping_status":"closed","template":"","meta":{"_monsterinsights_skip_tracking":false,"_monsterinsights_sitenote_active":false,"_monsterinsights_sitenote_note":"","_monsterinsights_sitenote_category":0,"footnotes":""},"class_list":["post-926","page","type-page","status-publish","hentry"],"jetpack_sharing_enabled":true,"_links":{"self":[{"href":"https:\/\/www.cafemundoexpo.com.br\/en\/wp-json\/wp\/v2\/pages\/926","targetHints":{"allow":["GET"]}}],"collection":[{"href":"https:\/\/www.cafemundoexpo.com.br\/en\/wp-json\/wp\/v2\/pages"}],"about":[{"href":"https:\/\/www.cafemundoexpo.com.br\/en\/wp-json\/wp\/v2\/types\/page"}],"author":[{"embeddable":true,"href":"https:\/\/www.cafemundoexpo.com.br\/en\/wp-json\/wp\/v2\/users\/1"}],"replies":[{"embeddable":true,"href":"https:\/\/www.cafemundoexpo.com.br\/en\/wp-json\/wp\/v2\/comments?post=926"}],"version-history":[{"count":10,"href":"https:\/\/www.cafemundoexpo.com.br\/en\/wp-json\/wp\/v2\/pages\/926\/revisions"}],"predecessor-version":[{"id":1732,"href":"https:\/\/www.cafemundoexpo.com.br\/en\/wp-json\/wp\/v2\/pages\/926\/revisions\/1732"}],"wp:attachment":[{"href":"https:\/\/www.cafemundoexpo.com.br\/en\/wp-json\/wp\/v2\/media?parent=926"}],"curies":[{"name":"wp","href":"https:\/\/api.w.org\/{rel}","templated":true}]}}